{"id":14977,"date":"2023-11-04T00:43:53","date_gmt":"2023-11-03T23:43:53","guid":{"rendered":"http:\/\/innocentiemangonipiante.it\/elaeagnus-x-ebbingei-maryline\/"},"modified":"2023-11-06T18:12:30","modified_gmt":"2023-11-06T17:12:30","slug":"elaeagnus-x-ebbingei-maryline","status":"publish","type":"product","link":"https:\/\/innocentiemangonipiante.it\/de\/elaeagnus-x-ebbingei-maryline\/","title":{"rendered":"ELAEAGNUS x ebbingei &#8218;Maryline&#8216; \u00ae"},"content":{"rendered":"<p>Immergr\u00fcner Strauch mit aufrechtem Wuchs, der durch seine bunten Bl\u00e4tter besticht. Am Rand sind sie dunkelgr\u00fcn und in der Blattmitte hellgelb, im Laufe der Monate wird die F\u00e4rbung immer intensiver. Seine kompakte Form und seine Widerstandsf\u00e4higkeit gegen\u00fcber dem Beschneiden machen ihn zu einer ausgezeichneten Sorte f\u00fcr jede Art von Garten.<\/p>\n","protected":false},"excerpt":{"rendered":"<p>Immergr\u00fcner Strauch mit aufrechtem Wuchs, der durch seine bunten Bl\u00e4tter besticht. Am Rand sind sie dunkelgr\u00fcn und in der Blattmitte hellgelb, im Laufe der Monate wird die F\u00e4rbung immer intensiver. Seine kompakte Form und seine Widerstandsf\u00e4higkeit gegen\u00fcber dem Beschneiden machen ihn zu einer ausgezeichneten Sorte f\u00fcr jede Art von Garten.<\/p>\n","protected":false},"featured_media":2344,"template":"","meta":{"_acf_changed":false},"product_brand":[],"product_cat":[8816],"product_tag":[10898,8565,8705],"class_list":{"0":"post-14977","1":"product","2":"type-product","3":"status-publish","4":"has-post-thumbnail","6":"product_cat-hartnaeckige-baeume-und-straeucher","7":"product_tag-naturlichen","8":"product_tag-halbstamm","9":"product_tag-kugel","10":"pa_altezza-massima-200-de","11":"pa_altezza-massima-300-de","12":"pa_colore-delle-foglie-vielfaeltigen","13":"pa_colore-fioritura-weis","14":"pa_condizionamento-clt-de","15":"pa_condizionamento-jungplanzen","16":"pa_famiglia-eleagnaceae-de","17":"pa_genere-elaeagnus-de","18":"pa_origine-frankreich","19":"pa_periodo-fioritura-august-de","20":"pa_periodo-fioritura-juli","21":"pa_periodo-fioritura-juni","22":"pa_portamento-arrotondato-de","23":"pa_profumo-intensiv","24":"pa_resistenza-climatica-mittel-hoch","25":"pa_resistenza-del-suolo-bestandig-gegen-kalkhaltige-boden","26":"pa_salinita-bestaendigkeit-in-meeresluft","27":"pa_utilizzo-kleine-gaerten","29":"first","30":"instock","31":"purchasable","32":"product-type-simple"},"acf":[],"_links":{"self":[{"href":"https:\/\/innocentiemangonipiante.it\/de\/wp-json\/wp\/v2\/product\/14977","targetHints":{"allow":["GET"]}}],"collection":[{"href":"https:\/\/innocentiemangonipiante.it\/de\/wp-json\/wp\/v2\/product"}],"about":[{"href":"https:\/\/innocentiemangonipiante.it\/de\/wp-json\/wp\/v2\/types\/product"}],"wp:featuredmedia":[{"embeddable":true,"href":"https:\/\/innocentiemangonipiante.it\/de\/wp-json\/wp\/v2\/media\/2344"}],"wp:attachment":[{"href":"https:\/\/innocentiemangonipiante.it\/de\/wp-json\/wp\/v2\/media?parent=14977"}],"wp:term":[{"taxonomy":"product_brand","embeddable":true,"href":"https:\/\/innocentiemangonipiante.it\/de\/wp-json\/wp\/v2\/product_brand?post=14977"},{"taxonomy":"product_cat","embeddable":true,"href":"https:\/\/innocentiemangonipiante.it\/de\/wp-json\/wp\/v2\/product_cat?post=14977"},{"taxonomy":"product_tag","embeddable":true,"href":"https:\/\/innocentiemangonipiante.it\/de\/wp-json\/wp\/v2\/product_tag?post=14977"}],"curies":[{"name":"wp","href":"https:\/\/api.w.org\/{rel}","templated":true}]}}