{"id":14978,"date":"2023-11-04T00:43:45","date_gmt":"2023-11-03T23:43:45","guid":{"rendered":"http:\/\/innocentiemangonipiante.it\/elaeagnus-x-ebbingei-limelight\/"},"modified":"2023-11-06T18:12:24","modified_gmt":"2023-11-06T17:12:24","slug":"elaeagnus-x-ebbingei-limelight","status":"publish","type":"product","link":"https:\/\/innocentiemangonipiante.it\/de\/elaeagnus-x-ebbingei-limelight\/","title":{"rendered":"ELAEAGNUS x ebbingei &#8218;Limelight&#8216;"},"content":{"rendered":"<p>Immergr\u00fcner aufrechter Strauch mit goldgelben, dunkelgr\u00fcn ger\u00e4nderten, spitzen Bl\u00e4ttern.<\/p>\n","protected":false},"excerpt":{"rendered":"<p>Immergr\u00fcner aufrechter Strauch mit goldgelben, dunkelgr\u00fcn ger\u00e4nderten, spitzen Bl\u00e4ttern.<\/p>\n","protected":false},"featured_media":2338,"template":"","meta":{"_acf_changed":false},"product_brand":[],"product_cat":[8816],"product_tag":[10898,8565,8751],"class_list":{"0":"post-14978","1":"product","2":"type-product","3":"status-publish","4":"has-post-thumbnail","6":"product_cat-hartnaeckige-baeume-und-straeucher","7":"product_tag-naturlichen","8":"product_tag-halbstamm","9":"product_tag-spalier","10":"pa_altezza-massima-300-de","11":"pa_altezza-massima-400-de","12":"pa_colore-delle-foglie-vielfaeltigen","13":"pa_colore-fioritura-weis","14":"pa_condizionamento-clt-de","15":"pa_condizionamento-jungplanzen","16":"pa_condizionamento-viereckigertops","17":"pa_famiglia-eleagnaceae-de","18":"pa_genere-elaeagnus-de","19":"pa_origine-ostasien","20":"pa_periodo-fioritura-september-de","21":"pa_portamento-arrotondato-de","22":"pa_resistenza-climatica-mittel-hoch","23":"pa_resistenza-del-suolo-bestandig-gegen-kalkhaltige-boden","24":"pa_resistenza-del-suolo-bestandig-gegen-trockene-boden","25":"pa_salinita-bestaendigkeit-in-meeresluft","26":"pa_utilizzo-kleine-gaerten","28":"first","29":"instock","30":"purchasable","31":"product-type-simple"},"acf":[],"_links":{"self":[{"href":"https:\/\/innocentiemangonipiante.it\/de\/wp-json\/wp\/v2\/product\/14978","targetHints":{"allow":["GET"]}}],"collection":[{"href":"https:\/\/innocentiemangonipiante.it\/de\/wp-json\/wp\/v2\/product"}],"about":[{"href":"https:\/\/innocentiemangonipiante.it\/de\/wp-json\/wp\/v2\/types\/product"}],"wp:featuredmedia":[{"embeddable":true,"href":"https:\/\/innocentiemangonipiante.it\/de\/wp-json\/wp\/v2\/media\/2338"}],"wp:attachment":[{"href":"https:\/\/innocentiemangonipiante.it\/de\/wp-json\/wp\/v2\/media?parent=14978"}],"wp:term":[{"taxonomy":"product_brand","embeddable":true,"href":"https:\/\/innocentiemangonipiante.it\/de\/wp-json\/wp\/v2\/product_brand?post=14978"},{"taxonomy":"product_cat","embeddable":true,"href":"https:\/\/innocentiemangonipiante.it\/de\/wp-json\/wp\/v2\/product_cat?post=14978"},{"taxonomy":"product_tag","embeddable":true,"href":"https:\/\/innocentiemangonipiante.it\/de\/wp-json\/wp\/v2\/product_tag?post=14978"}],"curies":[{"name":"wp","href":"https:\/\/api.w.org\/{rel}","templated":true}]}}