{"id":14979,"date":"2023-11-04T00:43:37","date_gmt":"2023-11-03T23:43:37","guid":{"rendered":"http:\/\/innocentiemangonipiante.it\/elaeagnus-x-ebbingei-gilt-edge\/"},"modified":"2023-11-06T18:12:19","modified_gmt":"2023-11-06T17:12:19","slug":"elaeagnus-x-ebbingei-gilt-edge","status":"publish","type":"product","link":"https:\/\/innocentiemangonipiante.it\/de\/elaeagnus-x-ebbingei-gilt-edge\/","title":{"rendered":"ELAEAGNUS x ebbingei &#8218;Gilt Edge&#8216;"},"content":{"rendered":"<p>Immergr\u00fcn. Die leicht gewellten Bl\u00e4tter sind in der Mitte dunkelgr\u00fcn und haben goldgelbe R\u00e4nder.<\/p>\n","protected":false},"excerpt":{"rendered":"<p>Immergr\u00fcn. Die leicht gewellten Bl\u00e4tter sind in der Mitte dunkelgr\u00fcn und haben goldgelbe R\u00e4nder.<\/p>\n","protected":false},"featured_media":21916,"template":"","meta":{"_acf_changed":false},"product_brand":[],"product_cat":[8816],"product_tag":[10898,8565],"class_list":{"0":"post-14979","1":"product","2":"type-product","3":"status-publish","4":"has-post-thumbnail","6":"product_cat-hartnaeckige-baeume-und-straeucher","7":"product_tag-naturlichen","8":"product_tag-halbstamm","9":"pa_altezza-massima-200-de","10":"pa_altezza-massima-300-de","11":"pa_colore-delle-foglie-vielfaeltigen","12":"pa_colore-fioritura-weis","13":"pa_condizionamento-clt-de","14":"pa_condizionamento-jungplanzen","15":"pa_famiglia-eleagnaceae-de","16":"pa_genere-elaeagnus-de","17":"pa_origine-europe-de","18":"pa_periodo-fioritura-september-de","19":"pa_portamento-arrotondato-de","20":"pa_profumo-intensiv","21":"pa_resistenza-climatica-mittel-hoch","22":"pa_resistenza-del-suolo-bestandig-gegen-kalkhaltige-boden","23":"pa_resistenza-del-suolo-bestandig-gegen-trockene-boden","24":"pa_salinita-bestaendigkeit-in-meeresluft","25":"pa_utilizzo-kleine-gaerten","27":"first","28":"instock","29":"purchasable","30":"product-type-simple"},"acf":[],"_links":{"self":[{"href":"https:\/\/innocentiemangonipiante.it\/de\/wp-json\/wp\/v2\/product\/14979","targetHints":{"allow":["GET"]}}],"collection":[{"href":"https:\/\/innocentiemangonipiante.it\/de\/wp-json\/wp\/v2\/product"}],"about":[{"href":"https:\/\/innocentiemangonipiante.it\/de\/wp-json\/wp\/v2\/types\/product"}],"wp:featuredmedia":[{"embeddable":true,"href":"https:\/\/innocentiemangonipiante.it\/de\/wp-json\/wp\/v2\/media\/21916"}],"wp:attachment":[{"href":"https:\/\/innocentiemangonipiante.it\/de\/wp-json\/wp\/v2\/media?parent=14979"}],"wp:term":[{"taxonomy":"product_brand","embeddable":true,"href":"https:\/\/innocentiemangonipiante.it\/de\/wp-json\/wp\/v2\/product_brand?post=14979"},{"taxonomy":"product_cat","embeddable":true,"href":"https:\/\/innocentiemangonipiante.it\/de\/wp-json\/wp\/v2\/product_cat?post=14979"},{"taxonomy":"product_tag","embeddable":true,"href":"https:\/\/innocentiemangonipiante.it\/de\/wp-json\/wp\/v2\/product_tag?post=14979"}],"curies":[{"name":"wp","href":"https:\/\/api.w.org\/{rel}","templated":true}]}}