{"id":14980,"date":"2023-11-04T00:43:25","date_gmt":"2023-11-03T23:43:25","guid":{"rendered":"http:\/\/innocentiemangonipiante.it\/elaeagnus-x-ebbingei-eleador\/"},"modified":"2023-11-06T18:12:03","modified_gmt":"2023-11-06T17:12:03","slug":"elaeagnus-x-ebbingei-eleador","status":"publish","type":"product","link":"https:\/\/innocentiemangonipiante.it\/de\/elaeagnus-x-ebbingei-eleador\/","title":{"rendered":"ELAEAGNUS x ebbingei &#8218;Eleador&#8216; \u00ae"},"content":{"rendered":"<p>Neue Z\u00fcchtung mit schnellem Wachstum, einem kompaktem Wuchs und grossen dunkelgr\u00fcnen gelbgefleckten Bl\u00e4ttern.<\/p>\n","protected":false},"excerpt":{"rendered":"<p>Neue Z\u00fcchtung mit schnellem Wachstum, einem kompaktem Wuchs und grossen dunkelgr\u00fcnen gelbgefleckten Bl\u00e4ttern.<\/p>\n","protected":false},"featured_media":2331,"template":"","meta":{"_acf_changed":false},"product_brand":[],"product_cat":[8816],"product_tag":[10898],"class_list":{"0":"post-14980","1":"product","2":"type-product","3":"status-publish","4":"has-post-thumbnail","6":"product_cat-hartnaeckige-baeume-und-straeucher","7":"product_tag-naturlichen","8":"pa_altezza-massima-200-de","9":"pa_altezza-massima-300-de","10":"pa_colore-delle-foglie-vielfaeltigen","11":"pa_colore-fioritura-weis","12":"pa_condizionamento-clt-de","13":"pa_famiglia-eleagnaceae-de","14":"pa_genere-elaeagnus-de","15":"pa_origine-frankreich","16":"pa_periodo-fioritura-dezember","17":"pa_periodo-fioritura-november-de","18":"pa_periodo-fioritura-oktober","19":"pa_portamento-arrotondato-de","20":"pa_profumo-intensiv","21":"pa_resistenza-climatica-sehr-hoch","22":"pa_resistenza-del-suolo-bestandig-gegen-kalkhaltige-boden","23":"pa_resistenza-del-suolo-bestandig-gegen-trockene-boden","24":"pa_salinita-bestaendigkeit-in-meeresluft","25":"pa_utilizzo-kleine-gaerten","27":"first","28":"instock","29":"purchasable","30":"product-type-simple"},"acf":[],"_links":{"self":[{"href":"https:\/\/innocentiemangonipiante.it\/de\/wp-json\/wp\/v2\/product\/14980","targetHints":{"allow":["GET"]}}],"collection":[{"href":"https:\/\/innocentiemangonipiante.it\/de\/wp-json\/wp\/v2\/product"}],"about":[{"href":"https:\/\/innocentiemangonipiante.it\/de\/wp-json\/wp\/v2\/types\/product"}],"wp:featuredmedia":[{"embeddable":true,"href":"https:\/\/innocentiemangonipiante.it\/de\/wp-json\/wp\/v2\/media\/2331"}],"wp:attachment":[{"href":"https:\/\/innocentiemangonipiante.it\/de\/wp-json\/wp\/v2\/media?parent=14980"}],"wp:term":[{"taxonomy":"product_brand","embeddable":true,"href":"https:\/\/innocentiemangonipiante.it\/de\/wp-json\/wp\/v2\/product_brand?post=14980"},{"taxonomy":"product_cat","embeddable":true,"href":"https:\/\/innocentiemangonipiante.it\/de\/wp-json\/wp\/v2\/product_cat?post=14980"},{"taxonomy":"product_tag","embeddable":true,"href":"https:\/\/innocentiemangonipiante.it\/de\/wp-json\/wp\/v2\/product_tag?post=14980"}],"curies":[{"name":"wp","href":"https:\/\/api.w.org\/{rel}","templated":true}]}}