{"id":14982,"date":"2023-11-04T00:43:04","date_gmt":"2023-11-03T23:43:04","guid":{"rendered":"http:\/\/innocentiemangonipiante.it\/elaeagnus-x-ebbingei\/"},"modified":"2023-11-06T18:11:32","modified_gmt":"2023-11-06T17:11:32","slug":"elaeagnus-x-ebbingei","status":"publish","type":"product","link":"https:\/\/innocentiemangonipiante.it\/de\/elaeagnus-x-ebbingei\/","title":{"rendered":"ELAEAGNUS x ebbingei"},"content":{"rendered":"<p>Immergr\u00fcner rundlicher bis ausladender Baum mit ovalen, ledernen bis zu 10 cm langen Bl\u00e4ttern, die auf der Oberseite gr\u00fcn und auf der Unterseite silbern sind.Anfang Herbst bl\u00fchen wei\u00dfe-cremefarbenen wohlriechende Bl\u00fcten.<\/p>\n","protected":false},"excerpt":{"rendered":"<p>Immergr\u00fcner rundlicher bis ausladender Baum mit ovalen, ledernen bis zu 10 cm langen Bl\u00e4ttern, die auf der Oberseite gr\u00fcn und auf der Unterseite silbern sind.Anfang Herbst bl\u00fchen wei\u00dfe-cremefarbenen wohlriechende Bl\u00fcten.<\/p>\n","protected":false},"featured_media":2319,"template":"","meta":{"_acf_changed":false},"product_brand":[],"product_cat":[8816,9231],"product_tag":[10898,8565,8581,8401,8425,8487,8705,8751],"class_list":{"0":"post-14982","1":"product","2":"type-product","3":"status-publish","4":"has-post-thumbnail","6":"product_cat-hartnaeckige-baeume-und-straeucher","7":"product_cat-baume-und-pflanzen-der-zukunft","8":"product_tag-naturlichen","9":"product_tag-halbstamm","10":"product_tag-halbstamm-spalier","11":"product_tag-hochstamm","12":"product_tag-hochstamm-spalier","13":"product_tag-kasten","14":"product_tag-kugel","15":"product_tag-spalier","16":"pa_altezza-massima-400-de","17":"pa_altezza-massima-600-de","18":"pa_colore-fioritura-weis","19":"pa_condizionamento-clt-de","20":"pa_condizionamento-jungplanzen","21":"pa_condizionamento-viereckigertops","22":"pa_famiglia-eleagnaceae-de","23":"pa_genere-elaeagnus-de","24":"pa_origine-holland-de","25":"pa_periodo-fioritura-oktober","26":"pa_portamento-arrotondato-de","27":"pa_profumo-intensiv","28":"pa_resistenza-climatica-sehr-hoch","29":"pa_resistenza-del-suolo-bestandig-gegen-kalkhaltige-boden","30":"pa_resistenza-del-suolo-bestandig-gegen-trockene-boden","31":"pa_salinita-bestaendigkeit-in-meeresluft","32":"pa_utilizzo-kleine-gaerten","33":"pa_utilizzo-parks-de","35":"first","36":"instock","37":"purchasable","38":"product-type-simple"},"acf":[],"_links":{"self":[{"href":"https:\/\/innocentiemangonipiante.it\/de\/wp-json\/wp\/v2\/product\/14982","targetHints":{"allow":["GET"]}}],"collection":[{"href":"https:\/\/innocentiemangonipiante.it\/de\/wp-json\/wp\/v2\/product"}],"about":[{"href":"https:\/\/innocentiemangonipiante.it\/de\/wp-json\/wp\/v2\/types\/product"}],"wp:featuredmedia":[{"embeddable":true,"href":"https:\/\/innocentiemangonipiante.it\/de\/wp-json\/wp\/v2\/media\/2319"}],"wp:attachment":[{"href":"https:\/\/innocentiemangonipiante.it\/de\/wp-json\/wp\/v2\/media?parent=14982"}],"wp:term":[{"taxonomy":"product_brand","embeddable":true,"href":"https:\/\/innocentiemangonipiante.it\/de\/wp-json\/wp\/v2\/product_brand?post=14982"},{"taxonomy":"product_cat","embeddable":true,"href":"https:\/\/innocentiemangonipiante.it\/de\/wp-json\/wp\/v2\/product_cat?post=14982"},{"taxonomy":"product_tag","embeddable":true,"href":"https:\/\/innocentiemangonipiante.it\/de\/wp-json\/wp\/v2\/product_tag?post=14982"}],"curies":[{"name":"wp","href":"https:\/\/api.w.org\/{rel}","templated":true}]}}