{"id":14984,"date":"2023-11-04T00:42:43","date_gmt":"2023-11-03T23:42:43","guid":{"rendered":"http:\/\/innocentiemangonipiante.it\/elaeagnus-angustifolia\/"},"modified":"2023-11-06T18:11:19","modified_gmt":"2023-11-06T17:11:19","slug":"elaeagnus-angustifolia","status":"publish","type":"product","link":"https:\/\/innocentiemangonipiante.it\/de\/elaeagnus-angustifolia\/","title":{"rendered":"ELAEAGNUS angustifolia"},"content":{"rendered":"<p>Schmalbl\u00e4ttrige Oelweide. Kleiner sommergr\u00fcner, ausladender und dorniger Baum. Das Astwerk mit einer r\u00f6tlich-braunen Rinde ist glatt. Die der Trauerweide \u00e4hnlichen Bl\u00e4tter sind lanzettartig, bis 10 cm lang, gr\u00fcn auf der Ober- und silberfarben auf der Unterseite.<\/p>\n","protected":false},"excerpt":{"rendered":"<p>Schmalbl\u00e4ttrige Oelweide. Kleiner sommergr\u00fcner, ausladender und dorniger Baum. Das Astwerk mit einer r\u00f6tlich-braunen Rinde ist glatt. Die der Trauerweide \u00e4hnlichen Bl\u00e4tter sind lanzettartig, bis 10 cm lang, gr\u00fcn auf der Ober- und silberfarben auf der Unterseite.<\/p>\n","protected":false},"featured_media":2306,"template":"","meta":{"_acf_changed":false},"product_brand":[],"product_cat":[8816,9231],"product_tag":[10898,8401],"class_list":{"0":"post-14984","1":"product","2":"type-product","3":"status-publish","4":"has-post-thumbnail","6":"product_cat-hartnaeckige-baeume-und-straeucher","7":"product_cat-baume-und-pflanzen-der-zukunft","8":"product_tag-naturlichen","9":"product_tag-hochstamm","10":"pa_altezza-massima-400-de","11":"pa_altezza-massima-600-de","12":"pa_colore-fioritura-weis","13":"pa_condizionamento-clt-de","14":"pa_condizionamento-m-de","15":"pa_famiglia-eleagnaceae-de","16":"pa_genere-elaeagnus-de","17":"pa_inquinamento-bestaendigkeit-gegen-smog","18":"pa_origine-europaischen-mittelmeeres","19":"pa_periodo-fioritura-november-de","20":"pa_periodo-fioritura-oktober","21":"pa_portamento-arrotondato-de","22":"pa_resistenza-climatica-sehr-hoch","23":"pa_resistenza-del-suolo-bestandig-gegen-kalkhaltige-boden","24":"pa_resistenza-del-suolo-bestandig-gegen-trockene-boden","25":"pa_resistenza-del-suolo-bestandigkeit-auf-feuchten-boden","26":"pa_salinita-bestaendigkeit-in-meeresluft","27":"pa_utilizzo-kleine-gaerten","28":"pa_utilizzo-parks-de","30":"first","31":"instock","32":"purchasable","33":"product-type-simple"},"acf":[],"_links":{"self":[{"href":"https:\/\/innocentiemangonipiante.it\/de\/wp-json\/wp\/v2\/product\/14984","targetHints":{"allow":["GET"]}}],"collection":[{"href":"https:\/\/innocentiemangonipiante.it\/de\/wp-json\/wp\/v2\/product"}],"about":[{"href":"https:\/\/innocentiemangonipiante.it\/de\/wp-json\/wp\/v2\/types\/product"}],"wp:featuredmedia":[{"embeddable":true,"href":"https:\/\/innocentiemangonipiante.it\/de\/wp-json\/wp\/v2\/media\/2306"}],"wp:attachment":[{"href":"https:\/\/innocentiemangonipiante.it\/de\/wp-json\/wp\/v2\/media?parent=14984"}],"wp:term":[{"taxonomy":"product_brand","embeddable":true,"href":"https:\/\/innocentiemangonipiante.it\/de\/wp-json\/wp\/v2\/product_brand?post=14984"},{"taxonomy":"product_cat","embeddable":true,"href":"https:\/\/innocentiemangonipiante.it\/de\/wp-json\/wp\/v2\/product_cat?post=14984"},{"taxonomy":"product_tag","embeddable":true,"href":"https:\/\/innocentiemangonipiante.it\/de\/wp-json\/wp\/v2\/product_tag?post=14984"}],"curies":[{"name":"wp","href":"https:\/\/api.w.org\/{rel}","templated":true}]}}