{"id":14986,"date":"2023-11-04T00:44:59","date_gmt":"2023-11-03T23:44:59","guid":{"rendered":"http:\/\/innocentiemangonipiante.it\/eriobotrya-japonica\/"},"modified":"2023-11-06T18:13:35","modified_gmt":"2023-11-06T17:13:35","slug":"eriobotrya-japonica","status":"publish","type":"product","link":"https:\/\/innocentiemangonipiante.it\/de\/eriobotrya-japonica\/","title":{"rendered":"ERIOBOTRYA japonica"},"content":{"rendered":"<p>Immergr\u00fcner, kr\u00e4ftiger und ausladender Strauch mit gro\u00dfen, dunkelgr\u00fcnen bis 30 cm langen Bl\u00e4ttern, die markante Aderungen aufweisen. Vom Herbst bis in den Winter bl\u00fchen duftende wei\u00dfe Bl\u00fcten, aus denen im Fr\u00fchjahr rundliche, e\u00dfbare gelb-orangefarbene Fr\u00fcchte hervorgehen.<\/p>\n","protected":false},"excerpt":{"rendered":"<p>Immergr\u00fcner, kr\u00e4ftiger und ausladender Strauch mit gro\u00dfen, dunkelgr\u00fcnen bis 30 cm langen Bl\u00e4ttern, die markante Aderungen aufweisen. Vom Herbst bis in den Winter bl\u00fchen duftende wei\u00dfe Bl\u00fcten, aus denen im Fr\u00fchjahr rundliche, e\u00dfbare gelb-orangefarbene Fr\u00fcchte hervorgehen.<\/p>\n","protected":false},"featured_media":2363,"template":"","meta":{"_acf_changed":false},"product_brand":[],"product_cat":[8816,9231],"product_tag":[10898,8565,8401],"class_list":{"0":"post-14986","1":"product","2":"type-product","3":"status-publish","4":"has-post-thumbnail","6":"product_cat-hartnaeckige-baeume-und-straeucher","7":"product_cat-baume-und-pflanzen-der-zukunft","8":"product_tag-naturlichen","9":"product_tag-halbstamm","10":"product_tag-hochstamm","11":"pa_altezza-massima-400-de","12":"pa_altezza-massima-600-de","13":"pa_arte-topiaria-verfuegbar-formgehoelze","14":"pa_colore-fioritura-weis","15":"pa_condizionamento-clt-de","16":"pa_condizionamento-jungplanzen","17":"pa_famiglia-rosaceae-de","18":"pa_genere-eriobotrya-de","19":"pa_origine-ostasien","20":"pa_periodo-fioritura-dezember","21":"pa_periodo-fioritura-januar","22":"pa_periodo-fioritura-november-de","23":"pa_periodo-fioritura-oktober","24":"pa_portamento-arrotondato-de","25":"pa_profumo-intensiv","26":"pa_resistenza-climatica-mittel-hoch","27":"pa_resistenza-del-suolo-bestandig-gegen-kalkhaltige-boden","28":"pa_resistenza-del-suolo-bestandig-gegen-trockene-boden","29":"pa_utilizzo-kleine-gaerten","30":"pa_utilizzo-parks-de","32":"first","33":"instock","34":"purchasable","35":"product-type-simple"},"acf":[],"_links":{"self":[{"href":"https:\/\/innocentiemangonipiante.it\/de\/wp-json\/wp\/v2\/product\/14986","targetHints":{"allow":["GET"]}}],"collection":[{"href":"https:\/\/innocentiemangonipiante.it\/de\/wp-json\/wp\/v2\/product"}],"about":[{"href":"https:\/\/innocentiemangonipiante.it\/de\/wp-json\/wp\/v2\/types\/product"}],"wp:featuredmedia":[{"embeddable":true,"href":"https:\/\/innocentiemangonipiante.it\/de\/wp-json\/wp\/v2\/media\/2363"}],"wp:attachment":[{"href":"https:\/\/innocentiemangonipiante.it\/de\/wp-json\/wp\/v2\/media?parent=14986"}],"wp:term":[{"taxonomy":"product_brand","embeddable":true,"href":"https:\/\/innocentiemangonipiante.it\/de\/wp-json\/wp\/v2\/product_brand?post=14986"},{"taxonomy":"product_cat","embeddable":true,"href":"https:\/\/innocentiemangonipiante.it\/de\/wp-json\/wp\/v2\/product_cat?post=14986"},{"taxonomy":"product_tag","embeddable":true,"href":"https:\/\/innocentiemangonipiante.it\/de\/wp-json\/wp\/v2\/product_tag?post=14986"}],"curies":[{"name":"wp","href":"https:\/\/api.w.org\/{rel}","templated":true}]}}