{"id":14987,"date":"2023-11-04T00:44:51","date_gmt":"2023-11-03T23:44:51","guid":{"rendered":"http:\/\/innocentiemangonipiante.it\/eriobotrya-coppertone\/"},"modified":"2023-11-06T18:13:31","modified_gmt":"2023-11-06T17:13:31","slug":"eriobotrya-coppertone","status":"publish","type":"product","link":"https:\/\/innocentiemangonipiante.it\/de\/eriobotrya-coppertone\/","title":{"rendered":"ERIOBOTRYA &#8218;Coppertone&#8216; \u00ae"},"content":{"rendered":"<p>Eine neulig erzielte Veredelung. Immergr\u00fcner Strauch, dessen Erscheinung der Rhaphiolepis \u00e4hnelt. Die ovalen bis l\u00e4nglichen Bl\u00e4tter mit leicht ges\u00e4gtem Rand sind dunkelgr\u00fcn auf der Ober- und bronzefarben auf der Unterseite. Anfang Fr\u00fchjahr sprie\u00dfen einfache Bl\u00fcten mit 5 rosafarbenen Kronbl\u00e4ttern.<\/p>\n","protected":false},"excerpt":{"rendered":"<p>Eine neulig erzielte Veredelung. Immergr\u00fcner Strauch, dessen Erscheinung der Rhaphiolepis \u00e4hnelt. Die ovalen bis l\u00e4nglichen Bl\u00e4tter mit leicht ges\u00e4gtem Rand sind dunkelgr\u00fcn auf der Ober- und bronzefarben auf der Unterseite. Anfang Fr\u00fchjahr sprie\u00dfen einfache Bl\u00fcten mit 5 rosafarbenen Kronbl\u00e4ttern.<\/p>\n","protected":false},"featured_media":2357,"template":"","meta":{"_acf_changed":false},"product_brand":[],"product_cat":[8816,9231],"product_tag":[10898,8565],"class_list":{"0":"post-14987","1":"product","2":"type-product","3":"status-publish","4":"has-post-thumbnail","6":"product_cat-hartnaeckige-baeume-und-straeucher","7":"product_cat-baume-und-pflanzen-der-zukunft","8":"product_tag-naturlichen","9":"product_tag-halbstamm","10":"pa_altezza-massima-200-de","11":"pa_altezza-massima-300-de","12":"pa_colore-delle-foglie-vielfaeltigen","13":"pa_colore-fioritura-rose-de","14":"pa_condizionamento-clt-de","15":"pa_condizionamento-jungplanzen","16":"pa_famiglia-rosaceae-de","17":"pa_genere-eriobotrya-de","18":"pa_origine-u-s-a","19":"pa_periodo-fioritura-maerz","20":"pa_portamento-arrotondato-de","21":"pa_profumo-intensiv","22":"pa_resistenza-climatica-mittel-hoch","23":"pa_resistenza-del-suolo-bestandig-gegen-kalkhaltige-boden","24":"pa_resistenza-del-suolo-bestandig-gegen-trockene-boden","25":"pa_utilizzo-kleine-gaerten","26":"pa_utilizzo-parks-de","28":"first","29":"instock","30":"purchasable","31":"product-type-simple"},"acf":[],"_links":{"self":[{"href":"https:\/\/innocentiemangonipiante.it\/de\/wp-json\/wp\/v2\/product\/14987","targetHints":{"allow":["GET"]}}],"collection":[{"href":"https:\/\/innocentiemangonipiante.it\/de\/wp-json\/wp\/v2\/product"}],"about":[{"href":"https:\/\/innocentiemangonipiante.it\/de\/wp-json\/wp\/v2\/types\/product"}],"wp:featuredmedia":[{"embeddable":true,"href":"https:\/\/innocentiemangonipiante.it\/de\/wp-json\/wp\/v2\/media\/2357"}],"wp:attachment":[{"href":"https:\/\/innocentiemangonipiante.it\/de\/wp-json\/wp\/v2\/media?parent=14987"}],"wp:term":[{"taxonomy":"product_brand","embeddable":true,"href":"https:\/\/innocentiemangonipiante.it\/de\/wp-json\/wp\/v2\/product_brand?post=14987"},{"taxonomy":"product_cat","embeddable":true,"href":"https:\/\/innocentiemangonipiante.it\/de\/wp-json\/wp\/v2\/product_cat?post=14987"},{"taxonomy":"product_tag","embeddable":true,"href":"https:\/\/innocentiemangonipiante.it\/de\/wp-json\/wp\/v2\/product_tag?post=14987"}],"curies":[{"name":"wp","href":"https:\/\/api.w.org\/{rel}","templated":true}]}}