{"id":14991,"date":"2023-11-04T00:46:03","date_gmt":"2023-11-03T23:46:03","guid":{"rendered":"http:\/\/innocentiemangonipiante.it\/escallonia-laevis-pink-elle\/"},"modified":"2023-11-06T18:14:07","modified_gmt":"2023-11-06T17:14:07","slug":"escallonia-laevis-pink-elle","status":"publish","type":"product","link":"https:\/\/innocentiemangonipiante.it\/de\/escallonia-laevis-pink-elle\/","title":{"rendered":"ESCALLONIA laevis &#8218;Pink Elle&#8216; \u00ae"},"content":{"rendered":"<p>Immergr\u00fcner Strauch mit gl\u00e4nzenden gr\u00fcnen Bl\u00e4ttern mit einem gezahnten Rand. Zwischen Sommer und Herbst bringt sie kelchf\u00f6rmige, rosafarbene Bl\u00fcten hervor.<\/p>\n","protected":false},"excerpt":{"rendered":"<p>Immergr\u00fcner Strauch mit gl\u00e4nzenden gr\u00fcnen Bl\u00e4ttern mit einem gezahnten Rand. Zwischen Sommer und Herbst bringt sie kelchf\u00f6rmige, rosafarbene Bl\u00fcten hervor.<\/p>\n","protected":false},"featured_media":2400,"template":"","meta":{"_acf_changed":false},"product_brand":[],"product_cat":[8816],"product_tag":[10898],"class_list":{"0":"post-14991","1":"product","2":"type-product","3":"status-publish","4":"has-post-thumbnail","6":"product_cat-hartnaeckige-baeume-und-straeucher","7":"product_tag-naturlichen","8":"pa_altezza-massima-100-de","9":"pa_altezza-massima-150-de","10":"pa_colore-fioritura-rose-de","11":"pa_condizionamento-clt-de","12":"pa_condizionamento-jungplanzen","13":"pa_famiglia-escalloniaceae-de-2","14":"pa_genere-escallonia-de","15":"pa_origine-sudamerika","16":"pa_periodo-fioritura-august-de","17":"pa_periodo-fioritura-juli","18":"pa_periodo-fioritura-juni","19":"pa_periodo-fioritura-oktober","20":"pa_periodo-fioritura-september-de","21":"pa_portamento-cespuglioso-de","22":"pa_profumo-intensiv","23":"pa_resistenza-climatica-mittel-hoch","24":"pa_resistenza-del-suolo-resistent-gegen-arme-boeden","25":"pa_salinita-bestaendigkeit-in-meeresluft","26":"pa_utilizzo-balkone","27":"pa_utilizzo-kleine-gaerten","29":"first","30":"instock","31":"purchasable","32":"product-type-simple"},"acf":[],"_links":{"self":[{"href":"https:\/\/innocentiemangonipiante.it\/de\/wp-json\/wp\/v2\/product\/14991","targetHints":{"allow":["GET"]}}],"collection":[{"href":"https:\/\/innocentiemangonipiante.it\/de\/wp-json\/wp\/v2\/product"}],"about":[{"href":"https:\/\/innocentiemangonipiante.it\/de\/wp-json\/wp\/v2\/types\/product"}],"wp:featuredmedia":[{"embeddable":true,"href":"https:\/\/innocentiemangonipiante.it\/de\/wp-json\/wp\/v2\/media\/2400"}],"wp:attachment":[{"href":"https:\/\/innocentiemangonipiante.it\/de\/wp-json\/wp\/v2\/media?parent=14991"}],"wp:term":[{"taxonomy":"product_brand","embeddable":true,"href":"https:\/\/innocentiemangonipiante.it\/de\/wp-json\/wp\/v2\/product_brand?post=14991"},{"taxonomy":"product_cat","embeddable":true,"href":"https:\/\/innocentiemangonipiante.it\/de\/wp-json\/wp\/v2\/product_cat?post=14991"},{"taxonomy":"product_tag","embeddable":true,"href":"https:\/\/innocentiemangonipiante.it\/de\/wp-json\/wp\/v2\/product_tag?post=14991"}],"curies":[{"name":"wp","href":"https:\/\/api.w.org\/{rel}","templated":true}]}}