{"id":14992,"date":"2023-11-04T00:45:42","date_gmt":"2023-11-03T23:45:42","guid":{"rendered":"http:\/\/innocentiemangonipiante.it\/escallonia-iveyi\/"},"modified":"2023-11-06T18:13:58","modified_gmt":"2023-11-06T17:13:58","slug":"escallonia-iveyi","status":"publish","type":"product","link":"https:\/\/innocentiemangonipiante.it\/de\/escallonia-iveyi\/","title":{"rendered":"ESCALLONIA &#8218;Iveyi&#8216;"},"content":{"rendered":"<p>Aufrechtes Wachstum duftenden wei\u00dfen Bl\u00fcten von Mai bis Juli. Wieder neue Bl\u00fcte im September-Oktober.<\/p>\n","protected":false},"excerpt":{"rendered":"<p>Aufrechtes Wachstum duftenden wei\u00dfen Bl\u00fcten von Mai bis Juli. Wieder neue Bl\u00fcte im September-Oktober.<\/p>\n","protected":false},"featured_media":2387,"template":"","meta":{"_acf_changed":false},"product_brand":[],"product_cat":[8816],"product_tag":[10898],"class_list":{"0":"post-14992","1":"product","2":"type-product","3":"status-publish","4":"has-post-thumbnail","6":"product_cat-hartnaeckige-baeume-und-straeucher","7":"product_tag-naturlichen","8":"pa_altezza-massima-100-de","9":"pa_altezza-massima-150-de","10":"pa_colore-fioritura-weis","11":"pa_condizionamento-clt-de","12":"pa_famiglia-escalloniaceae-de-2","13":"pa_genere-escallonia-de","14":"pa_origine-england-de","15":"pa_periodo-fioritura-juli","16":"pa_periodo-fioritura-juni","17":"pa_periodo-fioritura-mai-de","18":"pa_periodo-fioritura-oktober","19":"pa_periodo-fioritura-september-de","20":"pa_portamento-cespuglioso-de","21":"pa_profumo-intensiv","22":"pa_resistenza-climatica-mittel","23":"pa_salinita-bestaendigkeit-in-meeresluft","24":"pa_utilizzo-balkone","25":"pa_utilizzo-kleine-gaerten","27":"first","28":"instock","29":"purchasable","30":"product-type-simple"},"acf":[],"_links":{"self":[{"href":"https:\/\/innocentiemangonipiante.it\/de\/wp-json\/wp\/v2\/product\/14992","targetHints":{"allow":["GET"]}}],"collection":[{"href":"https:\/\/innocentiemangonipiante.it\/de\/wp-json\/wp\/v2\/product"}],"about":[{"href":"https:\/\/innocentiemangonipiante.it\/de\/wp-json\/wp\/v2\/types\/product"}],"wp:featuredmedia":[{"embeddable":true,"href":"https:\/\/innocentiemangonipiante.it\/de\/wp-json\/wp\/v2\/media\/2387"}],"wp:attachment":[{"href":"https:\/\/innocentiemangonipiante.it\/de\/wp-json\/wp\/v2\/media?parent=14992"}],"wp:term":[{"taxonomy":"product_brand","embeddable":true,"href":"https:\/\/innocentiemangonipiante.it\/de\/wp-json\/wp\/v2\/product_brand?post=14992"},{"taxonomy":"product_cat","embeddable":true,"href":"https:\/\/innocentiemangonipiante.it\/de\/wp-json\/wp\/v2\/product_cat?post=14992"},{"taxonomy":"product_tag","embeddable":true,"href":"https:\/\/innocentiemangonipiante.it\/de\/wp-json\/wp\/v2\/product_tag?post=14992"}],"curies":[{"name":"wp","href":"https:\/\/api.w.org\/{rel}","templated":true}]}}