{"id":14993,"date":"2023-11-04T00:45:29","date_gmt":"2023-11-03T23:45:29","guid":{"rendered":"http:\/\/innocentiemangonipiante.it\/escallonia-donard-seedling\/"},"modified":"2023-11-06T18:13:52","modified_gmt":"2023-11-06T17:13:52","slug":"escallonia-donard-seedling","status":"publish","type":"product","link":"https:\/\/innocentiemangonipiante.it\/de\/escallonia-donard-seedling\/","title":{"rendered":"ESCALLONIA &#8218;Donard Seedling&#8216;"},"content":{"rendered":"<p>Immergr\u00fcner Strauch mit gl\u00e4nzenden gr\u00fcnen ledrigen Bl\u00e4ttern, wei\u00dfenBl\u00fcten, die im Fr\u00fchsommer bl\u00fchen aus rosa Knospen.<\/p>\n","protected":false},"excerpt":{"rendered":"<p>Immergr\u00fcner Strauch mit gl\u00e4nzenden gr\u00fcnen ledrigen Bl\u00e4ttern, wei\u00dfenBl\u00fcten, die im Fr\u00fchsommer bl\u00fchen aus rosa Knospen.<\/p>\n","protected":false},"featured_media":2381,"template":"","meta":{"_acf_changed":false},"product_brand":[],"product_cat":[8816],"product_tag":[10898],"class_list":{"0":"post-14993","1":"product","2":"type-product","3":"status-publish","4":"has-post-thumbnail","6":"product_cat-hartnaeckige-baeume-und-straeucher","7":"product_tag-naturlichen","8":"pa_altezza-massima-100-de","9":"pa_altezza-massima-150-de","10":"pa_colore-fioritura-weis","11":"pa_condizionamento-clt-de","12":"pa_famiglia-escalloniaceae-de-2","13":"pa_genere-escallonia-de","14":"pa_origine-sudamerika","15":"pa_periodo-fioritura-august-de","16":"pa_periodo-fioritura-juli","17":"pa_periodo-fioritura-juni","18":"pa_portamento-cespuglioso-de","19":"pa_profumo-intensiv","20":"pa_resistenza-climatica-mittel","21":"pa_resistenza-del-suolo-bestandig-gegen-trockene-boden","22":"pa_salinita-bestaendigkeit-in-meeresluft","23":"pa_utilizzo-balkone","24":"pa_utilizzo-kleine-gaerten","26":"first","27":"instock","28":"purchasable","29":"product-type-simple"},"acf":[],"_links":{"self":[{"href":"https:\/\/innocentiemangonipiante.it\/de\/wp-json\/wp\/v2\/product\/14993","targetHints":{"allow":["GET"]}}],"collection":[{"href":"https:\/\/innocentiemangonipiante.it\/de\/wp-json\/wp\/v2\/product"}],"about":[{"href":"https:\/\/innocentiemangonipiante.it\/de\/wp-json\/wp\/v2\/types\/product"}],"wp:featuredmedia":[{"embeddable":true,"href":"https:\/\/innocentiemangonipiante.it\/de\/wp-json\/wp\/v2\/media\/2381"}],"wp:attachment":[{"href":"https:\/\/innocentiemangonipiante.it\/de\/wp-json\/wp\/v2\/media?parent=14993"}],"wp:term":[{"taxonomy":"product_brand","embeddable":true,"href":"https:\/\/innocentiemangonipiante.it\/de\/wp-json\/wp\/v2\/product_brand?post=14993"},{"taxonomy":"product_cat","embeddable":true,"href":"https:\/\/innocentiemangonipiante.it\/de\/wp-json\/wp\/v2\/product_cat?post=14993"},{"taxonomy":"product_tag","embeddable":true,"href":"https:\/\/innocentiemangonipiante.it\/de\/wp-json\/wp\/v2\/product_tag?post=14993"}],"curies":[{"name":"wp","href":"https:\/\/api.w.org\/{rel}","templated":true}]}}