{"id":14995,"date":"2023-11-04T00:46:49","date_gmt":"2023-11-03T23:46:49","guid":{"rendered":"http:\/\/innocentiemangonipiante.it\/eucalyptus-gunnii-silverana\/"},"modified":"2023-11-06T18:14:30","modified_gmt":"2023-11-06T17:14:30","slug":"eucalyptus-gunnii-silverana","status":"publish","type":"product","link":"https:\/\/innocentiemangonipiante.it\/de\/eucalyptus-gunnii-silverana\/","title":{"rendered":"EUCALYPTUS gunnii &#8218;Silverana&#8216; \u00ae"},"content":{"rendered":"<p>Immergr\u00fcner Strauch mit bl\u00e4ulich-grauen Bl\u00e4ttern. Buschige Haltung und ausgezeichnete Best\u00e4ndigkeit gegen harte Winter.<\/p>\n","protected":false},"excerpt":{"rendered":"<p>Immergr\u00fcner Strauch mit bl\u00e4ulich-grauen Bl\u00e4ttern. Buschige Haltung und ausgezeichnete Best\u00e4ndigkeit gegen harte Winter.<\/p>\n","protected":false},"featured_media":2425,"template":"","meta":{"_acf_changed":false},"product_brand":[],"product_cat":[8816],"product_tag":[10898],"class_list":{"0":"post-14995","1":"product","2":"type-product","3":"status-publish","4":"has-post-thumbnail","6":"product_cat-hartnaeckige-baeume-und-straeucher","7":"product_tag-naturlichen","8":"pa_altezza-massima-800-de","9":"pa_altezza-massima-1000-de-2","10":"pa_colore-delle-foglie-grauen","11":"pa_colore-fioritura-weis","12":"pa_famiglia-myrtaceae-de","13":"pa_genere-eucalyptus-de","14":"pa_origine-holland-de","15":"pa_periodo-fioritura-august-de","16":"pa_periodo-fioritura-juli","17":"pa_periodo-fioritura-oktober","18":"pa_periodo-fioritura-september-de","19":"pa_portamento-arrotondato-de","20":"pa_resistenza-climatica-mittel-hoch","21":"pa_salinita-bestaendigkeit-in-meeresluft","22":"pa_utilizzo-parks-de","24":"first","25":"instock","26":"purchasable","27":"product-type-simple"},"acf":[],"_links":{"self":[{"href":"https:\/\/innocentiemangonipiante.it\/de\/wp-json\/wp\/v2\/product\/14995","targetHints":{"allow":["GET"]}}],"collection":[{"href":"https:\/\/innocentiemangonipiante.it\/de\/wp-json\/wp\/v2\/product"}],"about":[{"href":"https:\/\/innocentiemangonipiante.it\/de\/wp-json\/wp\/v2\/types\/product"}],"wp:featuredmedia":[{"embeddable":true,"href":"https:\/\/innocentiemangonipiante.it\/de\/wp-json\/wp\/v2\/media\/2425"}],"wp:attachment":[{"href":"https:\/\/innocentiemangonipiante.it\/de\/wp-json\/wp\/v2\/media?parent=14995"}],"wp:term":[{"taxonomy":"product_brand","embeddable":true,"href":"https:\/\/innocentiemangonipiante.it\/de\/wp-json\/wp\/v2\/product_brand?post=14995"},{"taxonomy":"product_cat","embeddable":true,"href":"https:\/\/innocentiemangonipiante.it\/de\/wp-json\/wp\/v2\/product_cat?post=14995"},{"taxonomy":"product_tag","embeddable":true,"href":"https:\/\/innocentiemangonipiante.it\/de\/wp-json\/wp\/v2\/product_tag?post=14995"}],"curies":[{"name":"wp","href":"https:\/\/api.w.org\/{rel}","templated":true}]}}