{"id":14996,"date":"2023-11-04T00:46:42","date_gmt":"2023-11-03T23:46:42","guid":{"rendered":"http:\/\/innocentiemangonipiante.it\/eucalyptus-gunnii-france-bleu\/"},"modified":"2023-11-06T18:14:27","modified_gmt":"2023-11-06T17:14:27","slug":"eucalyptus-gunnii-france-bleu","status":"publish","type":"product","link":"https:\/\/innocentiemangonipiante.it\/de\/eucalyptus-gunnii-france-bleu\/","title":{"rendered":"EUCALYPTUS gunnii &#8218;France Bleu&#8216; \u00ae"},"content":{"rendered":"<p>Kompakter Strauch, ideal f\u00fcr kleine G\u00e4rten, mit kleinen aromatischen blaugr\u00fcnen Bl\u00e4ttern. Junge Zweige sind rotbraun.<\/p>\n","protected":false},"excerpt":{"rendered":"<p>Kompakter Strauch, ideal f\u00fcr kleine G\u00e4rten, mit kleinen aromatischen blaugr\u00fcnen Bl\u00e4ttern. Junge Zweige sind rotbraun.<\/p>\n","protected":false},"featured_media":0,"template":"","meta":{"_acf_changed":false},"product_brand":[],"product_cat":[8816],"product_tag":[10898],"class_list":{"0":"post-14996","1":"product","2":"type-product","3":"status-publish","5":"product_cat-hartnaeckige-baeume-und-straeucher","6":"product_tag-naturlichen","7":"pa_altezza-massima-250-de","8":"pa_altezza-massima-300-de","9":"pa_colore-fioritura-weis","10":"pa_famiglia-myrtaceae-de","11":"pa_genere-eucalyptus-de","12":"pa_origine-frankreich","13":"pa_periodo-fioritura-oktober","14":"pa_periodo-fioritura-september-de","15":"pa_portamento-arrotondato-de","16":"pa_profumo-zart","17":"pa_resistenza-climatica-mittel","18":"pa_salinita-bestaendigkeit-in-meeresluft","19":"pa_utilizzo-kleine-gaerten","21":"first","22":"instock","23":"purchasable","24":"product-type-simple"},"acf":[],"_links":{"self":[{"href":"https:\/\/innocentiemangonipiante.it\/de\/wp-json\/wp\/v2\/product\/14996","targetHints":{"allow":["GET"]}}],"collection":[{"href":"https:\/\/innocentiemangonipiante.it\/de\/wp-json\/wp\/v2\/product"}],"about":[{"href":"https:\/\/innocentiemangonipiante.it\/de\/wp-json\/wp\/v2\/types\/product"}],"wp:attachment":[{"href":"https:\/\/innocentiemangonipiante.it\/de\/wp-json\/wp\/v2\/media?parent=14996"}],"wp:term":[{"taxonomy":"product_brand","embeddable":true,"href":"https:\/\/innocentiemangonipiante.it\/de\/wp-json\/wp\/v2\/product_brand?post=14996"},{"taxonomy":"product_cat","embeddable":true,"href":"https:\/\/innocentiemangonipiante.it\/de\/wp-json\/wp\/v2\/product_cat?post=14996"},{"taxonomy":"product_tag","embeddable":true,"href":"https:\/\/innocentiemangonipiante.it\/de\/wp-json\/wp\/v2\/product_tag?post=14996"}],"curies":[{"name":"wp","href":"https:\/\/api.w.org\/{rel}","templated":true}]}}