{"id":14997,"date":"2023-11-04T00:47:09","date_gmt":"2023-11-03T23:47:09","guid":{"rendered":"http:\/\/innocentiemangonipiante.it\/eucalyptus-pulverulenta-baby-blue\/"},"modified":"2023-11-06T18:14:38","modified_gmt":"2023-11-06T17:14:38","slug":"eucalyptus-pulverulenta-baby-blue","status":"publish","type":"product","link":"https:\/\/innocentiemangonipiante.it\/de\/eucalyptus-pulverulenta-baby-blue\/","title":{"rendered":"EUCALYPTUS pulverulenta &#8218;Baby Blue&#8216;"},"content":{"rendered":"<p>Runde blaue Bl\u00e4tter, kompakter Wuchs, langsames Wachstum, geeignet f\u00fcr kleine G\u00e4rten und Terrassen.<\/p>\n","protected":false},"excerpt":{"rendered":"<p>Runde blaue Bl\u00e4tter, kompakter Wuchs, langsames Wachstum, geeignet f\u00fcr kleine G\u00e4rten und Terrassen.<\/p>\n","protected":false},"featured_media":42922,"template":"","meta":{"_acf_changed":false},"product_brand":[],"product_cat":[8816],"product_tag":[10898],"class_list":{"0":"post-14997","1":"product","2":"type-product","3":"status-publish","4":"has-post-thumbnail","6":"product_cat-hartnaeckige-baeume-und-straeucher","7":"product_tag-naturlichen","8":"pa_altezza-massima-350-de","9":"pa_altezza-massima-500-de","10":"pa_colore-delle-foglie-blau","11":"pa_famiglia-myrtaceae-de","12":"pa_genere-eucalyptus-de","13":"pa_origine-australien","14":"pa_portamento-conico-de","15":"pa_resistenza-climatica-mittel","16":"pa_resistenza-del-suolo-bestandig-gegen-trockene-boden","17":"pa_salinita-bestaendigkeit-in-meeresluft","18":"pa_utilizzo-balkone","19":"pa_utilizzo-kleine-gaerten","21":"first","22":"instock","23":"purchasable","24":"product-type-simple"},"acf":[],"_links":{"self":[{"href":"https:\/\/innocentiemangonipiante.it\/de\/wp-json\/wp\/v2\/product\/14997","targetHints":{"allow":["GET"]}}],"collection":[{"href":"https:\/\/innocentiemangonipiante.it\/de\/wp-json\/wp\/v2\/product"}],"about":[{"href":"https:\/\/innocentiemangonipiante.it\/de\/wp-json\/wp\/v2\/types\/product"}],"wp:featuredmedia":[{"embeddable":true,"href":"https:\/\/innocentiemangonipiante.it\/de\/wp-json\/wp\/v2\/media\/42922"}],"wp:attachment":[{"href":"https:\/\/innocentiemangonipiante.it\/de\/wp-json\/wp\/v2\/media?parent=14997"}],"wp:term":[{"taxonomy":"product_brand","embeddable":true,"href":"https:\/\/innocentiemangonipiante.it\/de\/wp-json\/wp\/v2\/product_brand?post=14997"},{"taxonomy":"product_cat","embeddable":true,"href":"https:\/\/innocentiemangonipiante.it\/de\/wp-json\/wp\/v2\/product_cat?post=14997"},{"taxonomy":"product_tag","embeddable":true,"href":"https:\/\/innocentiemangonipiante.it\/de\/wp-json\/wp\/v2\/product_tag?post=14997"}],"curies":[{"name":"wp","href":"https:\/\/api.w.org\/{rel}","templated":true}]}}