{"id":15000,"date":"2023-11-04T00:46:26","date_gmt":"2023-11-03T23:46:26","guid":{"rendered":"http:\/\/innocentiemangonipiante.it\/eucalyptus-gunnii\/"},"modified":"2023-11-06T18:14:17","modified_gmt":"2023-11-06T17:14:17","slug":"eucalyptus-gunnii","status":"publish","type":"product","link":"https:\/\/innocentiemangonipiante.it\/de\/eucalyptus-gunnii\/","title":{"rendered":"EUCALYPTUS gunnii"},"content":{"rendered":"<p>Glatte gr\u00fcn-wei\u00dfe Rinde, die sich im Sp\u00e4tsommer jeden Jahres absch\u00e4lt. Die neue Rinde ist grau-gr\u00fcn. Rundliche gr\u00fcn-graue bis gr\u00fcnblaue Bl\u00e4tter.<\/p>\n","protected":false},"excerpt":{"rendered":"<p>Glatte gr\u00fcn-wei\u00dfe Rinde, die sich im Sp\u00e4tsommer jeden Jahres absch\u00e4lt. Die neue Rinde ist grau-gr\u00fcn. Rundliche gr\u00fcn-graue bis gr\u00fcnblaue Bl\u00e4tter.<\/p>\n","protected":false},"featured_media":2412,"template":"","meta":{"_acf_changed":false},"product_brand":[],"product_cat":[8816],"product_tag":[10898,8565,8401,8597],"class_list":{"0":"post-15000","1":"product","2":"type-product","3":"status-publish","4":"has-post-thumbnail","6":"product_cat-hartnaeckige-baeume-und-straeucher","7":"product_tag-naturlichen","8":"product_tag-halbstamm","9":"product_tag-hochstamm","10":"product_tag-multistamm","11":"pa_altezza-massima-20-meter","12":"pa_altezza-massima-25-meter","13":"pa_colore-delle-foglie-grauen","14":"pa_condizionamento-clt-de","15":"pa_condizionamento-jungplanzen","16":"pa_famiglia-myrtaceae-de","17":"pa_genere-eucalyptus-de","18":"pa_origine-australien","19":"pa_portamento-conico-de","20":"pa_resistenza-climatica-mittel-hoch","21":"pa_resistenza-del-suolo-bestandig-gegen-trockene-boden","22":"pa_salinita-bestaendigkeit-in-meeresluft","23":"pa_utilizzo-parks-de","25":"first","26":"instock","27":"purchasable","28":"product-type-simple"},"acf":[],"_links":{"self":[{"href":"https:\/\/innocentiemangonipiante.it\/de\/wp-json\/wp\/v2\/product\/15000","targetHints":{"allow":["GET"]}}],"collection":[{"href":"https:\/\/innocentiemangonipiante.it\/de\/wp-json\/wp\/v2\/product"}],"about":[{"href":"https:\/\/innocentiemangonipiante.it\/de\/wp-json\/wp\/v2\/types\/product"}],"wp:featuredmedia":[{"embeddable":true,"href":"https:\/\/innocentiemangonipiante.it\/de\/wp-json\/wp\/v2\/media\/2412"}],"wp:attachment":[{"href":"https:\/\/innocentiemangonipiante.it\/de\/wp-json\/wp\/v2\/media?parent=15000"}],"wp:term":[{"taxonomy":"product_brand","embeddable":true,"href":"https:\/\/innocentiemangonipiante.it\/de\/wp-json\/wp\/v2\/product_brand?post=15000"},{"taxonomy":"product_cat","embeddable":true,"href":"https:\/\/innocentiemangonipiante.it\/de\/wp-json\/wp\/v2\/product_cat?post=15000"},{"taxonomy":"product_tag","embeddable":true,"href":"https:\/\/innocentiemangonipiante.it\/de\/wp-json\/wp\/v2\/product_tag?post=15000"}],"curies":[{"name":"wp","href":"https:\/\/api.w.org\/{rel}","templated":true}]}}