{"id":15001,"date":"2023-11-04T00:46:17","date_gmt":"2023-11-03T23:46:17","guid":{"rendered":"http:\/\/innocentiemangonipiante.it\/eucalyptus-globulus\/"},"modified":"2023-11-06T18:14:14","modified_gmt":"2023-11-06T17:14:14","slug":"eucalyptus-globulus","status":"publish","type":"product","link":"https:\/\/innocentiemangonipiante.it\/de\/eucalyptus-globulus\/","title":{"rendered":"EUCALYPTUS globulus"},"content":{"rendered":"<p>Glatte wei\u00dfe cremefarbene Rinde, die in Streifen abbl\u00e4ttert. Eif\u00f6rmige wei\u00df-blaue bis 15 cm lange Bl\u00e4tter.<\/p>\n","protected":false},"excerpt":{"rendered":"<p>Glatte wei\u00dfe cremefarbene Rinde, die in Streifen abbl\u00e4ttert. Eif\u00f6rmige wei\u00df-blaue bis 15 cm lange Bl\u00e4tter.<\/p>\n","protected":false},"featured_media":2406,"template":"","meta":{"_acf_changed":false},"product_brand":[],"product_cat":[8816],"product_tag":[10898,8597],"class_list":{"0":"post-15001","1":"product","2":"type-product","3":"status-publish","4":"has-post-thumbnail","6":"product_cat-hartnaeckige-baeume-und-straeucher","7":"product_tag-naturlichen","8":"product_tag-multistamm","9":"pa_altezza-massima-20-meter","10":"pa_altezza-massima-30-meter","11":"pa_colore-delle-foglie-blau","12":"pa_colore-fioritura-weis","13":"pa_condizionamento-clt-de","14":"pa_famiglia-myrtaceae-de","15":"pa_genere-eucalyptus-de","16":"pa_origine-neuseeland-de","17":"pa_periodo-fioritura-august-de","18":"pa_periodo-fioritura-juli","19":"pa_portamento-arrotondato-de","20":"pa_resistenza-climatica-mittel","21":"pa_resistenza-del-suolo-bestandig-gegen-trockene-boden","22":"pa_salinita-bestaendigkeit-in-meeresluft","23":"pa_utilizzo-parks-de","25":"first","26":"instock","27":"purchasable","28":"product-type-simple"},"acf":[],"_links":{"self":[{"href":"https:\/\/innocentiemangonipiante.it\/de\/wp-json\/wp\/v2\/product\/15001","targetHints":{"allow":["GET"]}}],"collection":[{"href":"https:\/\/innocentiemangonipiante.it\/de\/wp-json\/wp\/v2\/product"}],"about":[{"href":"https:\/\/innocentiemangonipiante.it\/de\/wp-json\/wp\/v2\/types\/product"}],"wp:featuredmedia":[{"embeddable":true,"href":"https:\/\/innocentiemangonipiante.it\/de\/wp-json\/wp\/v2\/media\/2406"}],"wp:attachment":[{"href":"https:\/\/innocentiemangonipiante.it\/de\/wp-json\/wp\/v2\/media?parent=15001"}],"wp:term":[{"taxonomy":"product_brand","embeddable":true,"href":"https:\/\/innocentiemangonipiante.it\/de\/wp-json\/wp\/v2\/product_brand?post=15001"},{"taxonomy":"product_cat","embeddable":true,"href":"https:\/\/innocentiemangonipiante.it\/de\/wp-json\/wp\/v2\/product_cat?post=15001"},{"taxonomy":"product_tag","embeddable":true,"href":"https:\/\/innocentiemangonipiante.it\/de\/wp-json\/wp\/v2\/product_tag?post=15001"}],"curies":[{"name":"wp","href":"https:\/\/api.w.org\/{rel}","templated":true}]}}