{"id":15002,"date":"2023-11-04T00:47:22","date_gmt":"2023-11-03T23:47:22","guid":{"rendered":"http:\/\/innocentiemangonipiante.it\/eucommia-ulmoides\/"},"modified":"2023-11-06T18:15:08","modified_gmt":"2023-11-06T17:15:08","slug":"eucommia-ulmoides","status":"publish","type":"product","link":"https:\/\/innocentiemangonipiante.it\/de\/eucommia-ulmoides\/","title":{"rendered":"EUCOMMIA ulmoides"},"content":{"rendered":"<p>Ein Baum, resistent gegen Trockenheit und Krankheiten. Abgerundete Form und aufsteigenden Zweigen. Sie toleriert eine breite Palette von Bodenbedingungen, einschlie\u00dflich alkalisch. Gl\u00e4nzend dunkelgr\u00fcnes Laub.<\/p>\n","protected":false},"excerpt":{"rendered":"<p>Ein Baum, resistent gegen Trockenheit und Krankheiten. Abgerundete Form und aufsteigenden Zweigen. Sie toleriert eine breite Palette von Bodenbedingungen, einschlie\u00dflich alkalisch. Gl\u00e4nzend dunkelgr\u00fcnes Laub.<\/p>\n","protected":false},"featured_media":2438,"template":"","meta":{"_acf_changed":false},"product_brand":[],"product_cat":[8813,9231],"product_tag":[10898,8401],"class_list":{"0":"post-15002","1":"product","2":"type-product","3":"status-publish","4":"has-post-thumbnail","6":"product_cat-laubbaume-und-straucher","7":"product_cat-baume-und-pflanzen-der-zukunft","8":"product_tag-naturlichen","9":"product_tag-hochstamm","10":"pa_altezza-massima-1000-de-2","11":"pa_altezza-massima-15-meter","12":"pa_condizionamento-m-de","13":"pa_famiglia-eucommiaceae-de","14":"pa_genere-eucommia-de","15":"pa_inquinamento-bestaendigkeit-gegen-smog","16":"pa_origine-china-de","17":"pa_portamento-arrotondato-de","18":"pa_resistenza-climatica-sehr-hoch","19":"pa_resistenza-del-suolo-bestandig-gegen-kalkhaltige-boden","20":"pa_resistenza-del-suolo-bestandigkeit-auf-feuchten-boden","21":"pa_utilizzo-parks-de","23":"first","24":"instock","25":"purchasable","26":"product-type-simple"},"acf":[],"_links":{"self":[{"href":"https:\/\/innocentiemangonipiante.it\/de\/wp-json\/wp\/v2\/product\/15002","targetHints":{"allow":["GET"]}}],"collection":[{"href":"https:\/\/innocentiemangonipiante.it\/de\/wp-json\/wp\/v2\/product"}],"about":[{"href":"https:\/\/innocentiemangonipiante.it\/de\/wp-json\/wp\/v2\/types\/product"}],"wp:featuredmedia":[{"embeddable":true,"href":"https:\/\/innocentiemangonipiante.it\/de\/wp-json\/wp\/v2\/media\/2438"}],"wp:attachment":[{"href":"https:\/\/innocentiemangonipiante.it\/de\/wp-json\/wp\/v2\/media?parent=15002"}],"wp:term":[{"taxonomy":"product_brand","embeddable":true,"href":"https:\/\/innocentiemangonipiante.it\/de\/wp-json\/wp\/v2\/product_brand?post=15002"},{"taxonomy":"product_cat","embeddable":true,"href":"https:\/\/innocentiemangonipiante.it\/de\/wp-json\/wp\/v2\/product_cat?post=15002"},{"taxonomy":"product_tag","embeddable":true,"href":"https:\/\/innocentiemangonipiante.it\/de\/wp-json\/wp\/v2\/product_tag?post=15002"}],"curies":[{"name":"wp","href":"https:\/\/api.w.org\/{rel}","templated":true}]}}