{"id":15004,"date":"2023-11-04T00:47:32","date_gmt":"2023-11-03T23:47:32","guid":{"rendered":"http:\/\/innocentiemangonipiante.it\/eugenia-myrtifolia\/"},"modified":"2023-11-06T18:15:13","modified_gmt":"2023-11-06T17:15:13","slug":"eugenia-myrtifolia","status":"publish","type":"product","link":"https:\/\/innocentiemangonipiante.it\/de\/eugenia-myrtifolia\/","title":{"rendered":"EUGENIA myrtifolia"},"content":{"rendered":"<p>Immergr\u00fcner Strauch mit sch\u00f6nem dunkelgr\u00fcnen leuchtenden Laubwerk. Die Bl\u00fcten sind creme-weiss und erscheinen im Sommer, gefolgt von rosa-purpurrote Beeren. Lebt sehr gut in auf der K\u00fcste.<\/p>\n","protected":false},"excerpt":{"rendered":"<p>Immergr\u00fcner Strauch mit sch\u00f6nem dunkelgr\u00fcnen leuchtenden Laubwerk. Die Bl\u00fcten sind creme-weiss und erscheinen im Sommer, gefolgt von rosa-purpurrote Beeren. Lebt sehr gut in auf der K\u00fcste.<\/p>\n","protected":false},"featured_media":2444,"template":"","meta":{"_acf_changed":false},"product_brand":[],"product_cat":[8816],"product_tag":[10898],"class_list":{"0":"post-15004","1":"product","2":"type-product","3":"status-publish","4":"has-post-thumbnail","6":"product_cat-hartnaeckige-baeume-und-straeucher","7":"product_tag-naturlichen","8":"pa_altezza-massima-400-de","9":"pa_altezza-massima-600-de","10":"pa_colore-fioritura-weis","11":"pa_condizionamento-clt-de","12":"pa_famiglia-myrtaceae-de","13":"pa_genere-eugenia-de","14":"pa_origine-australien","15":"pa_periodo-fioritura-august-de","16":"pa_periodo-fioritura-juli","17":"pa_periodo-fioritura-juni","18":"pa_portamento-cespuglioso-de","19":"pa_resistenza-climatica-pflanzen-mit-geringem-klimawiderstand","20":"pa_utilizzo-kleine-gaerten","21":"pa_utilizzo-parks-de","23":"first","24":"instock","25":"purchasable","26":"product-type-simple"},"acf":[],"_links":{"self":[{"href":"https:\/\/innocentiemangonipiante.it\/de\/wp-json\/wp\/v2\/product\/15004","targetHints":{"allow":["GET"]}}],"collection":[{"href":"https:\/\/innocentiemangonipiante.it\/de\/wp-json\/wp\/v2\/product"}],"about":[{"href":"https:\/\/innocentiemangonipiante.it\/de\/wp-json\/wp\/v2\/types\/product"}],"wp:featuredmedia":[{"embeddable":true,"href":"https:\/\/innocentiemangonipiante.it\/de\/wp-json\/wp\/v2\/media\/2444"}],"wp:attachment":[{"href":"https:\/\/innocentiemangonipiante.it\/de\/wp-json\/wp\/v2\/media?parent=15004"}],"wp:term":[{"taxonomy":"product_brand","embeddable":true,"href":"https:\/\/innocentiemangonipiante.it\/de\/wp-json\/wp\/v2\/product_brand?post=15004"},{"taxonomy":"product_cat","embeddable":true,"href":"https:\/\/innocentiemangonipiante.it\/de\/wp-json\/wp\/v2\/product_cat?post=15004"},{"taxonomy":"product_tag","embeddable":true,"href":"https:\/\/innocentiemangonipiante.it\/de\/wp-json\/wp\/v2\/product_tag?post=15004"}],"curies":[{"name":"wp","href":"https:\/\/api.w.org\/{rel}","templated":true}]}}