{"id":15005,"date":"2023-11-04T00:47:45","date_gmt":"2023-11-03T23:47:45","guid":{"rendered":"http:\/\/innocentiemangonipiante.it\/euodia-daniellii\/"},"modified":"2023-11-06T18:15:19","modified_gmt":"2023-11-06T17:15:19","slug":"euodia-daniellii","status":"publish","type":"product","link":"https:\/\/innocentiemangonipiante.it\/de\/euodia-daniellii\/","title":{"rendered":"EUODIA daniellii"},"content":{"rendered":"<p>Schnell wachsende Laubb\u00e4ume und erweitertes Wachstum, gl\u00e4nzend dunkelgr\u00fcnes Laub, gelb im Herbst. Im Sommer produziert reichlichen wei\u00dfen duftenden Bl\u00fcten (in Honig-Produktion gezeigt) in Clustern, die im Herbst rot schalten durchgef\u00fchrt. Pflanze ist sehr widerstandsf\u00e4hig zu Trockenheit.<\/p>\n","protected":false},"excerpt":{"rendered":"<p>Schnell wachsende Laubb\u00e4ume und erweitertes Wachstum, gl\u00e4nzend dunkelgr\u00fcnes Laub, gelb im Herbst. Im Sommer produziert reichlichen wei\u00dfen duftenden Bl\u00fcten (in Honig-Produktion gezeigt) in Clustern, die im Herbst rot schalten durchgef\u00fchrt. Pflanze ist sehr widerstandsf\u00e4hig zu Trockenheit.<\/p>\n","protected":false},"featured_media":2456,"template":"","meta":{"_acf_changed":false},"product_brand":[],"product_cat":[8813,9231],"product_tag":[10898,8401,8597],"class_list":{"0":"post-15005","1":"product","2":"type-product","3":"status-publish","4":"has-post-thumbnail","6":"product_cat-laubbaume-und-straucher","7":"product_cat-baume-und-pflanzen-der-zukunft","8":"product_tag-naturlichen","9":"product_tag-hochstamm","10":"product_tag-multistamm","11":"pa_altezza-massima-1000-de-2","12":"pa_altezza-massima-15-meter","13":"pa_colore-fioritura-weis","14":"pa_condizionamento-clt-de","15":"pa_condizionamento-jungplanzen","16":"pa_condizionamento-m-de","17":"pa_famiglia-rutaceae-de","18":"pa_genere-euodia-de","19":"pa_inquinamento-bestaendigkeit-gegen-smog","20":"pa_origine-china-de","21":"pa_periodo-fioritura-august-de","22":"pa_periodo-fioritura-juli","23":"pa_periodo-fioritura-juni","24":"pa_portamento-allargato-de","25":"pa_profumo-intensiv","26":"pa_resistenza-climatica-sehr-hoch","27":"pa_resistenza-del-suolo-bestandig-gegen-kalkhaltige-boden","28":"pa_resistenza-del-suolo-resistent-gegen-arme-boeden","29":"pa_salinita-bestaendigkeit-in-meeresluft","30":"pa_utilizzo-parks-de","32":"first","33":"instock","34":"purchasable","35":"product-type-simple"},"acf":[],"_links":{"self":[{"href":"https:\/\/innocentiemangonipiante.it\/de\/wp-json\/wp\/v2\/product\/15005","targetHints":{"allow":["GET"]}}],"collection":[{"href":"https:\/\/innocentiemangonipiante.it\/de\/wp-json\/wp\/v2\/product"}],"about":[{"href":"https:\/\/innocentiemangonipiante.it\/de\/wp-json\/wp\/v2\/types\/product"}],"wp:featuredmedia":[{"embeddable":true,"href":"https:\/\/innocentiemangonipiante.it\/de\/wp-json\/wp\/v2\/media\/2456"}],"wp:attachment":[{"href":"https:\/\/innocentiemangonipiante.it\/de\/wp-json\/wp\/v2\/media?parent=15005"}],"wp:term":[{"taxonomy":"product_brand","embeddable":true,"href":"https:\/\/innocentiemangonipiante.it\/de\/wp-json\/wp\/v2\/product_brand?post=15005"},{"taxonomy":"product_cat","embeddable":true,"href":"https:\/\/innocentiemangonipiante.it\/de\/wp-json\/wp\/v2\/product_cat?post=15005"},{"taxonomy":"product_tag","embeddable":true,"href":"https:\/\/innocentiemangonipiante.it\/de\/wp-json\/wp\/v2\/product_tag?post=15005"}],"curies":[{"name":"wp","href":"https:\/\/api.w.org\/{rel}","templated":true}]}}