{"id":15007,"date":"2023-11-04T00:50:43","date_gmt":"2023-11-03T23:50:43","guid":{"rendered":"http:\/\/innocentiemangonipiante.it\/euonymus-japonicus-pulchellus-aureovariegatus\/"},"modified":"2023-11-06T18:17:51","modified_gmt":"2023-11-06T17:17:51","slug":"euonymus-japonicus-pulchellus-aureovariegatus","status":"publish","type":"product","link":"https:\/\/innocentiemangonipiante.it\/de\/euonymus-japonicus-pulchellus-aureovariegatus\/","title":{"rendered":"EUONYMUS japonicus &#8218;Pulchellus Aureovariegatus&#8216;"},"content":{"rendered":"<p>Die dunkelgr\u00fcnen Bl\u00e4tter haben goldene R\u00e4nder.<\/p>\n","protected":false},"excerpt":{"rendered":"<p>Die dunkelgr\u00fcnen Bl\u00e4tter haben goldene R\u00e4nder.<\/p>\n","protected":false},"featured_media":2531,"template":"","meta":{"_acf_changed":false},"product_brand":[],"product_cat":[8816],"product_tag":[10898],"class_list":{"0":"post-15007","1":"product","2":"type-product","3":"status-publish","4":"has-post-thumbnail","6":"product_cat-hartnaeckige-baeume-und-straeucher","7":"product_tag-naturlichen","8":"pa_altezza-massima-0_50-meter","9":"pa_altezza-massima-0_75-meter","10":"pa_colore-delle-foglie-vielfaeltigen","11":"pa_condizionamento-clt-de","12":"pa_condizionamento-jungplanzen","13":"pa_famiglia-celastraceae-de","14":"pa_genere-euonymus-de","15":"pa_origine-ostasien","16":"pa_portamento-cespuglioso-de","17":"pa_resistenza-climatica-mittel-hoch","18":"pa_resistenza-del-suolo-bestandig-gegen-kalkhaltige-boden","19":"pa_resistenza-del-suolo-bestandig-gegen-trockene-boden","20":"pa_salinita-bestaendigkeit-in-meeresluft","21":"pa_utilizzo-bordueren","23":"first","24":"instock","25":"purchasable","26":"product-type-simple"},"acf":[],"_links":{"self":[{"href":"https:\/\/innocentiemangonipiante.it\/de\/wp-json\/wp\/v2\/product\/15007","targetHints":{"allow":["GET"]}}],"collection":[{"href":"https:\/\/innocentiemangonipiante.it\/de\/wp-json\/wp\/v2\/product"}],"about":[{"href":"https:\/\/innocentiemangonipiante.it\/de\/wp-json\/wp\/v2\/types\/product"}],"wp:featuredmedia":[{"embeddable":true,"href":"https:\/\/innocentiemangonipiante.it\/de\/wp-json\/wp\/v2\/media\/2531"}],"wp:attachment":[{"href":"https:\/\/innocentiemangonipiante.it\/de\/wp-json\/wp\/v2\/media?parent=15007"}],"wp:term":[{"taxonomy":"product_brand","embeddable":true,"href":"https:\/\/innocentiemangonipiante.it\/de\/wp-json\/wp\/v2\/product_brand?post=15007"},{"taxonomy":"product_cat","embeddable":true,"href":"https:\/\/innocentiemangonipiante.it\/de\/wp-json\/wp\/v2\/product_cat?post=15007"},{"taxonomy":"product_tag","embeddable":true,"href":"https:\/\/innocentiemangonipiante.it\/de\/wp-json\/wp\/v2\/product_tag?post=15007"}],"curies":[{"name":"wp","href":"https:\/\/api.w.org\/{rel}","templated":true}]}}