{"id":15009,"date":"2023-11-04T00:50:50","date_gmt":"2023-11-03T23:50:50","guid":{"rendered":"http:\/\/innocentiemangonipiante.it\/euonymus-japonicus-pulchellus\/"},"modified":"2023-11-06T18:18:20","modified_gmt":"2023-11-06T17:18:20","slug":"euonymus-japonicus-pulchellus","status":"publish","type":"product","link":"https:\/\/innocentiemangonipiante.it\/de\/euonymus-japonicus-pulchellus\/","title":{"rendered":"EUONYMUS japonicus &#8218;Pulchellus&#8216;"},"content":{"rendered":"<p>Immergr\u00fcner Strauch mit niedrigem, kompaktem und zwerghaftem Wuchs. Sehr kleine dunkelgr\u00fcne und dichte Bl\u00e4tter.<\/p>\n","protected":false},"excerpt":{"rendered":"<p>Immergr\u00fcner Strauch mit niedrigem, kompaktem und zwerghaftem Wuchs. Sehr kleine dunkelgr\u00fcne und dichte Bl\u00e4tter.<\/p>\n","protected":false},"featured_media":2537,"template":"","meta":{"_acf_changed":false},"product_brand":[],"product_cat":[8816],"product_tag":[10898],"class_list":{"0":"post-15009","1":"product","2":"type-product","3":"status-publish","4":"has-post-thumbnail","6":"product_cat-hartnaeckige-baeume-und-straeucher","7":"product_tag-naturlichen","8":"pa_altezza-massima-0_50-meter","9":"pa_altezza-massima-0_75-meter","10":"pa_condizionamento-clt-de","11":"pa_condizionamento-jungplanzen","12":"pa_famiglia-celastraceae-de","13":"pa_genere-euonymus-de","14":"pa_origine-ostasien","15":"pa_portamento-cespuglioso-de","16":"pa_resistenza-climatica-mittel-hoch","17":"pa_resistenza-del-suolo-bestandig-gegen-kalkhaltige-boden","18":"pa_resistenza-del-suolo-bestandig-gegen-trockene-boden","19":"pa_salinita-bestaendigkeit-in-meeresluft","20":"pa_utilizzo-bordueren","22":"first","23":"instock","24":"purchasable","25":"product-type-simple"},"acf":[],"_links":{"self":[{"href":"https:\/\/innocentiemangonipiante.it\/de\/wp-json\/wp\/v2\/product\/15009","targetHints":{"allow":["GET"]}}],"collection":[{"href":"https:\/\/innocentiemangonipiante.it\/de\/wp-json\/wp\/v2\/product"}],"about":[{"href":"https:\/\/innocentiemangonipiante.it\/de\/wp-json\/wp\/v2\/types\/product"}],"wp:featuredmedia":[{"embeddable":true,"href":"https:\/\/innocentiemangonipiante.it\/de\/wp-json\/wp\/v2\/media\/2537"}],"wp:attachment":[{"href":"https:\/\/innocentiemangonipiante.it\/de\/wp-json\/wp\/v2\/media?parent=15009"}],"wp:term":[{"taxonomy":"product_brand","embeddable":true,"href":"https:\/\/innocentiemangonipiante.it\/de\/wp-json\/wp\/v2\/product_brand?post=15009"},{"taxonomy":"product_cat","embeddable":true,"href":"https:\/\/innocentiemangonipiante.it\/de\/wp-json\/wp\/v2\/product_cat?post=15009"},{"taxonomy":"product_tag","embeddable":true,"href":"https:\/\/innocentiemangonipiante.it\/de\/wp-json\/wp\/v2\/product_tag?post=15009"}],"curies":[{"name":"wp","href":"https:\/\/api.w.org\/{rel}","templated":true}]}}