{"id":15012,"date":"2023-11-04T00:49:27","date_gmt":"2023-11-03T23:49:27","guid":{"rendered":"http:\/\/innocentiemangonipiante.it\/euonymus-japonicus-elegantissimus-aureus\/"},"modified":"2023-11-06T18:16:52","modified_gmt":"2023-11-06T17:16:52","slug":"euonymus-japonicus-elegantissimus-aureus","status":"publish","type":"product","link":"https:\/\/innocentiemangonipiante.it\/de\/euonymus-japonicus-elegantissimus-aureus\/","title":{"rendered":"EUONYMUS japonicus &#8218;Elegantissimus Aureus&#8216;"},"content":{"rendered":"<p>Ein sehr kompakter, dichter und immergr\u00fcner Strauch mit dunkelgr\u00fcnen Bl\u00e4ttern, die goldgelbe R\u00e4nder haben.<\/p>\n","protected":false},"excerpt":{"rendered":"<p>Ein sehr kompakter, dichter und immergr\u00fcner Strauch mit dunkelgr\u00fcnen Bl\u00e4ttern, die goldgelbe R\u00e4nder haben.<\/p>\n","protected":false},"featured_media":2505,"template":"","meta":{"_acf_changed":false},"product_brand":[],"product_cat":[8816,9231],"product_tag":[10898,8736,8565,8487,8536,8705,8498,8717],"class_list":{"0":"post-15012","1":"product","2":"type-product","3":"status-publish","4":"has-post-thumbnail","6":"product_cat-hartnaeckige-baeume-und-straeucher","7":"product_cat-baume-und-pflanzen-der-zukunft","8":"product_tag-naturlichen","9":"product_tag-fusstamm","10":"product_tag-halbstamm","11":"product_tag-kasten","12":"product_tag-kegel","13":"product_tag-kugel","14":"product_tag-mehrstammig-mit-schirmformiger-krone","15":"product_tag-pompons-de","16":"pa_altezza-massima-200-de","17":"pa_altezza-massima-300-de","18":"pa_condizionamento-clt-de","19":"pa_condizionamento-jungplanzen","20":"pa_condizionamento-schale","21":"pa_famiglia-celastraceae-de","22":"pa_genere-euonymus-de","23":"pa_origine-ostasien","24":"pa_portamento-eretto-de","25":"pa_resistenza-climatica-mittel-hoch","26":"pa_resistenza-del-suolo-bestandig-gegen-kalkhaltige-boden","27":"pa_resistenza-del-suolo-bestandig-gegen-trockene-boden","28":"pa_salinita-bestaendigkeit-in-meeresluft","29":"pa_utilizzo-balkone","30":"pa_utilizzo-hecken","31":"pa_utilizzo-kleine-gaerten","33":"first","34":"instock","35":"purchasable","36":"product-type-simple"},"acf":[],"_links":{"self":[{"href":"https:\/\/innocentiemangonipiante.it\/de\/wp-json\/wp\/v2\/product\/15012","targetHints":{"allow":["GET"]}}],"collection":[{"href":"https:\/\/innocentiemangonipiante.it\/de\/wp-json\/wp\/v2\/product"}],"about":[{"href":"https:\/\/innocentiemangonipiante.it\/de\/wp-json\/wp\/v2\/types\/product"}],"wp:featuredmedia":[{"embeddable":true,"href":"https:\/\/innocentiemangonipiante.it\/de\/wp-json\/wp\/v2\/media\/2505"}],"wp:attachment":[{"href":"https:\/\/innocentiemangonipiante.it\/de\/wp-json\/wp\/v2\/media?parent=15012"}],"wp:term":[{"taxonomy":"product_brand","embeddable":true,"href":"https:\/\/innocentiemangonipiante.it\/de\/wp-json\/wp\/v2\/product_brand?post=15012"},{"taxonomy":"product_cat","embeddable":true,"href":"https:\/\/innocentiemangonipiante.it\/de\/wp-json\/wp\/v2\/product_cat?post=15012"},{"taxonomy":"product_tag","embeddable":true,"href":"https:\/\/innocentiemangonipiante.it\/de\/wp-json\/wp\/v2\/product_tag?post=15012"}],"curies":[{"name":"wp","href":"https:\/\/api.w.org\/{rel}","templated":true}]}}