{"id":15013,"date":"2023-11-04T00:48:58","date_gmt":"2023-11-03T23:48:58","guid":{"rendered":"http:\/\/innocentiemangonipiante.it\/euonymus-japonicus-bravo\/"},"modified":"2023-11-06T18:16:08","modified_gmt":"2023-11-06T17:16:08","slug":"euonymus-japonicus-bravo","status":"publish","type":"product","link":"https:\/\/innocentiemangonipiante.it\/de\/euonymus-japonicus-bravo\/","title":{"rendered":"EUONYMUS japonicus &#8218;Bravo&#8216;"},"content":{"rendered":"<p>Ein dichter immergr\u00fcner Strauch mit kompaktem und aufrechtem Wuchs. Die Bl\u00e4tter sind dunkelgr\u00fcn in der mitte und wei\u00df an den R\u00e4ndern.<\/p>\n","protected":false},"excerpt":{"rendered":"<p>Ein dichter immergr\u00fcner Strauch mit kompaktem und aufrechtem Wuchs. Die Bl\u00e4tter sind dunkelgr\u00fcn in der mitte und wei\u00df an den R\u00e4ndern.<\/p>\n","protected":false},"featured_media":21972,"template":"","meta":{"_acf_changed":false},"product_brand":[],"product_cat":[8816],"product_tag":[10898,8736,8565,8487,8536,8705,8498,8717],"class_list":{"0":"post-15013","1":"product","2":"type-product","3":"status-publish","4":"has-post-thumbnail","6":"product_cat-hartnaeckige-baeume-und-straeucher","7":"product_tag-naturlichen","8":"product_tag-fusstamm","9":"product_tag-halbstamm","10":"product_tag-kasten","11":"product_tag-kegel","12":"product_tag-kugel","13":"product_tag-mehrstammig-mit-schirmformiger-krone","14":"product_tag-pompons-de","15":"pa_altezza-massima-200-de","16":"pa_altezza-massima-300-de","17":"pa_colore-delle-foglie-vielfaeltigen","18":"pa_condizionamento-clt-de","19":"pa_condizionamento-jungplanzen","20":"pa_condizionamento-schale","21":"pa_famiglia-celastraceae-de","22":"pa_genere-euonymus-de","23":"pa_origine-frankreich","24":"pa_portamento-eretto-de","25":"pa_resistenza-climatica-mittel-hoch","26":"pa_resistenza-del-suolo-bestandig-gegen-trockene-boden","27":"pa_salinita-bestaendigkeit-in-meeresluft","28":"pa_utilizzo-hecken","29":"pa_utilizzo-kleine-gaerten","31":"first","32":"instock","33":"purchasable","34":"product-type-simple"},"acf":[],"_links":{"self":[{"href":"https:\/\/innocentiemangonipiante.it\/de\/wp-json\/wp\/v2\/product\/15013","targetHints":{"allow":["GET"]}}],"collection":[{"href":"https:\/\/innocentiemangonipiante.it\/de\/wp-json\/wp\/v2\/product"}],"about":[{"href":"https:\/\/innocentiemangonipiante.it\/de\/wp-json\/wp\/v2\/types\/product"}],"wp:featuredmedia":[{"embeddable":true,"href":"https:\/\/innocentiemangonipiante.it\/de\/wp-json\/wp\/v2\/media\/21972"}],"wp:attachment":[{"href":"https:\/\/innocentiemangonipiante.it\/de\/wp-json\/wp\/v2\/media?parent=15013"}],"wp:term":[{"taxonomy":"product_brand","embeddable":true,"href":"https:\/\/innocentiemangonipiante.it\/de\/wp-json\/wp\/v2\/product_brand?post=15013"},{"taxonomy":"product_cat","embeddable":true,"href":"https:\/\/innocentiemangonipiante.it\/de\/wp-json\/wp\/v2\/product_cat?post=15013"},{"taxonomy":"product_tag","embeddable":true,"href":"https:\/\/innocentiemangonipiante.it\/de\/wp-json\/wp\/v2\/product_tag?post=15013"}],"curies":[{"name":"wp","href":"https:\/\/api.w.org\/{rel}","templated":true}]}}