{"id":15014,"date":"2023-11-04T00:48:49","date_gmt":"2023-11-03T23:48:49","guid":{"rendered":"http:\/\/innocentiemangonipiante.it\/euonymus-japonicus-benkomasaki\/"},"modified":"2023-11-06T18:15:58","modified_gmt":"2023-11-06T17:15:58","slug":"euonymus-japonicus-benkomasaki","status":"publish","type":"product","link":"https:\/\/innocentiemangonipiante.it\/de\/euonymus-japonicus-benkomasaki\/","title":{"rendered":"EUONYMUS japonicus &#8218;Benkomasaki&#8216;"},"content":{"rendered":"<p>Immergr\u00fcnes, gl\u00e4nzendes und dunkelgr\u00fcnes Laub. Schmaler aufrechter Wuchs und sehr langsames Wachstum.<\/p>\n","protected":false},"excerpt":{"rendered":"<p>Immergr\u00fcnes, gl\u00e4nzendes und dunkelgr\u00fcnes Laub. Schmaler aufrechter Wuchs und sehr langsames Wachstum.<\/p>\n","protected":false},"featured_media":2498,"template":"","meta":{"_acf_changed":false},"product_brand":[],"product_cat":[8816],"product_tag":[10898],"class_list":{"0":"post-15014","1":"product","2":"type-product","3":"status-publish","4":"has-post-thumbnail","6":"product_cat-hartnaeckige-baeume-und-straeucher","7":"product_tag-naturlichen","8":"pa_altezza-massima-150-de","9":"pa_altezza-massima-200-de","10":"pa_condizionamento-clt-de","11":"pa_condizionamento-jungplanzen","12":"pa_famiglia-celastraceae-de","13":"pa_genere-euonymus-de","14":"pa_origine-japan-de","15":"pa_portamento-eretto-de","16":"pa_resistenza-climatica-sehr-hoch","17":"pa_resistenza-del-suolo-bestandig-gegen-trockene-boden","18":"pa_salinita-bestaendigkeit-in-meeresluft","19":"pa_utilizzo-balkone","20":"pa_utilizzo-hecken","21":"pa_utilizzo-kleine-gaerten","23":"first","24":"instock","25":"purchasable","26":"product-type-simple"},"acf":[],"_links":{"self":[{"href":"https:\/\/innocentiemangonipiante.it\/de\/wp-json\/wp\/v2\/product\/15014","targetHints":{"allow":["GET"]}}],"collection":[{"href":"https:\/\/innocentiemangonipiante.it\/de\/wp-json\/wp\/v2\/product"}],"about":[{"href":"https:\/\/innocentiemangonipiante.it\/de\/wp-json\/wp\/v2\/types\/product"}],"wp:featuredmedia":[{"embeddable":true,"href":"https:\/\/innocentiemangonipiante.it\/de\/wp-json\/wp\/v2\/media\/2498"}],"wp:attachment":[{"href":"https:\/\/innocentiemangonipiante.it\/de\/wp-json\/wp\/v2\/media?parent=15014"}],"wp:term":[{"taxonomy":"product_brand","embeddable":true,"href":"https:\/\/innocentiemangonipiante.it\/de\/wp-json\/wp\/v2\/product_brand?post=15014"},{"taxonomy":"product_cat","embeddable":true,"href":"https:\/\/innocentiemangonipiante.it\/de\/wp-json\/wp\/v2\/product_cat?post=15014"},{"taxonomy":"product_tag","embeddable":true,"href":"https:\/\/innocentiemangonipiante.it\/de\/wp-json\/wp\/v2\/product_tag?post=15014"}],"curies":[{"name":"wp","href":"https:\/\/api.w.org\/{rel}","templated":true}]}}