{"id":15015,"date":"2023-11-04T00:48:40","date_gmt":"2023-11-03T23:48:40","guid":{"rendered":"http:\/\/innocentiemangonipiante.it\/euonymus-japonicus-aureopictus\/"},"modified":"2023-11-06T18:15:48","modified_gmt":"2023-11-06T17:15:48","slug":"euonymus-japonicus-aureopictus","status":"publish","type":"product","link":"https:\/\/innocentiemangonipiante.it\/de\/euonymus-japonicus-aureopictus\/","title":{"rendered":"EUONYMUS japonicus &#8218;Aureopictus&#8216;"},"content":{"rendered":"<p>Immergr\u00fcner, aufrechter Strauch mit dunkelgr\u00fcnen Bl\u00e4ttern, die in der Mitte goldgelb sind. Die neuen Zweige haben eine intensive gelbe Farbe.<\/p>\n","protected":false},"excerpt":{"rendered":"<p>Immergr\u00fcner, aufrechter Strauch mit dunkelgr\u00fcnen Bl\u00e4ttern, die in der Mitte goldgelb sind. Die neuen Zweige haben eine intensive gelbe Farbe.<\/p>\n","protected":false},"featured_media":2492,"template":"","meta":{"_acf_changed":false},"product_brand":[],"product_cat":[8816],"product_tag":[10898],"class_list":{"0":"post-15015","1":"product","2":"type-product","3":"status-publish","4":"has-post-thumbnail","6":"product_cat-hartnaeckige-baeume-und-straeucher","7":"product_tag-naturlichen","8":"pa_altezza-massima-200-de","9":"pa_altezza-massima-300-de","10":"pa_colore-delle-foglie-vielfaeltigen","11":"pa_condizionamento-clt-de","12":"pa_condizionamento-jungplanzen","13":"pa_famiglia-celastraceae-de","14":"pa_genere-euonymus-de","15":"pa_origine-ostasien","16":"pa_portamento-eretto-de","17":"pa_resistenza-climatica-mittel-hoch","18":"pa_resistenza-del-suolo-bestandig-gegen-kalkhaltige-boden","19":"pa_resistenza-del-suolo-bestandig-gegen-trockene-boden","20":"pa_salinita-bestaendigkeit-in-meeresluft","21":"pa_utilizzo-balkone","22":"pa_utilizzo-hecken","23":"pa_utilizzo-kleine-gaerten","25":"first","26":"instock","27":"purchasable","28":"product-type-simple"},"acf":[],"_links":{"self":[{"href":"https:\/\/innocentiemangonipiante.it\/de\/wp-json\/wp\/v2\/product\/15015","targetHints":{"allow":["GET"]}}],"collection":[{"href":"https:\/\/innocentiemangonipiante.it\/de\/wp-json\/wp\/v2\/product"}],"about":[{"href":"https:\/\/innocentiemangonipiante.it\/de\/wp-json\/wp\/v2\/types\/product"}],"wp:featuredmedia":[{"embeddable":true,"href":"https:\/\/innocentiemangonipiante.it\/de\/wp-json\/wp\/v2\/media\/2492"}],"wp:attachment":[{"href":"https:\/\/innocentiemangonipiante.it\/de\/wp-json\/wp\/v2\/media?parent=15015"}],"wp:term":[{"taxonomy":"product_brand","embeddable":true,"href":"https:\/\/innocentiemangonipiante.it\/de\/wp-json\/wp\/v2\/product_brand?post=15015"},{"taxonomy":"product_cat","embeddable":true,"href":"https:\/\/innocentiemangonipiante.it\/de\/wp-json\/wp\/v2\/product_cat?post=15015"},{"taxonomy":"product_tag","embeddable":true,"href":"https:\/\/innocentiemangonipiante.it\/de\/wp-json\/wp\/v2\/product_tag?post=15015"}],"curies":[{"name":"wp","href":"https:\/\/api.w.org\/{rel}","templated":true}]}}