{"id":15016,"date":"2023-11-04T00:48:31","date_gmt":"2023-11-03T23:48:31","guid":{"rendered":"http:\/\/innocentiemangonipiante.it\/euonymus-japonicus\/"},"modified":"2023-11-06T18:15:43","modified_gmt":"2023-11-06T17:15:43","slug":"euonymus-japonicus","status":"publish","type":"product","link":"https:\/\/innocentiemangonipiante.it\/de\/euonymus-japonicus\/","title":{"rendered":"EUONYMUS japonicus"},"content":{"rendered":"<p>Immergr\u00fcner, aufrechter Strauch mit eif\u00f6rmigen bis ovalen Bl\u00e4ttern, die gl\u00e4nzend, lederartig, dunkelgr\u00fcn und bis 6 cm lang sind. Die R\u00e4nder sind gez\u00e4hnt. Besonders f\u00fcr Hecken geeignet.<\/p>\n","protected":false},"excerpt":{"rendered":"<p>Immergr\u00fcner, aufrechter Strauch mit eif\u00f6rmigen bis ovalen Bl\u00e4ttern, die gl\u00e4nzend, lederartig, dunkelgr\u00fcn und bis 6 cm lang sind. Die R\u00e4nder sind gez\u00e4hnt. Besonders f\u00fcr Hecken geeignet.<\/p>\n","protected":false},"featured_media":2486,"template":"","meta":{"_acf_changed":false},"product_brand":[],"product_cat":[8816,9231],"product_tag":[10898],"class_list":{"0":"post-15016","1":"product","2":"type-product","3":"status-publish","4":"has-post-thumbnail","6":"product_cat-hartnaeckige-baeume-und-straeucher","7":"product_cat-baume-und-pflanzen-der-zukunft","8":"product_tag-naturlichen","9":"pa_altezza-massima-300-de","10":"pa_altezza-massima-400-de","11":"pa_condizionamento-clt-de","12":"pa_condizionamento-jungplanzen","13":"pa_famiglia-celastraceae-de","14":"pa_genere-euonymus-de","15":"pa_origine-ostasien","16":"pa_portamento-eretto-de","17":"pa_resistenza-climatica-mittel-hoch","18":"pa_resistenza-del-suolo-bestandig-gegen-kalkhaltige-boden","19":"pa_resistenza-del-suolo-bestandig-gegen-trockene-boden","20":"pa_salinita-bestaendigkeit-in-meeresluft","21":"pa_utilizzo-balkone","22":"pa_utilizzo-hecken","23":"pa_utilizzo-kleine-gaerten","25":"first","26":"instock","27":"purchasable","28":"product-type-simple"},"acf":[],"_links":{"self":[{"href":"https:\/\/innocentiemangonipiante.it\/de\/wp-json\/wp\/v2\/product\/15016","targetHints":{"allow":["GET"]}}],"collection":[{"href":"https:\/\/innocentiemangonipiante.it\/de\/wp-json\/wp\/v2\/product"}],"about":[{"href":"https:\/\/innocentiemangonipiante.it\/de\/wp-json\/wp\/v2\/types\/product"}],"wp:featuredmedia":[{"embeddable":true,"href":"https:\/\/innocentiemangonipiante.it\/de\/wp-json\/wp\/v2\/media\/2486"}],"wp:attachment":[{"href":"https:\/\/innocentiemangonipiante.it\/de\/wp-json\/wp\/v2\/media?parent=15016"}],"wp:term":[{"taxonomy":"product_brand","embeddable":true,"href":"https:\/\/innocentiemangonipiante.it\/de\/wp-json\/wp\/v2\/product_brand?post=15016"},{"taxonomy":"product_cat","embeddable":true,"href":"https:\/\/innocentiemangonipiante.it\/de\/wp-json\/wp\/v2\/product_cat?post=15016"},{"taxonomy":"product_tag","embeddable":true,"href":"https:\/\/innocentiemangonipiante.it\/de\/wp-json\/wp\/v2\/product_tag?post=15016"}],"curies":[{"name":"wp","href":"https:\/\/api.w.org\/{rel}","templated":true}]}}