{"id":15017,"date":"2023-11-04T00:48:15","date_gmt":"2023-11-03T23:48:15","guid":{"rendered":"http:\/\/innocentiemangonipiante.it\/euonymus-fortunei-emeraldn-gold\/"},"modified":"2023-11-06T18:15:38","modified_gmt":"2023-11-06T17:15:38","slug":"euonymus-fortunei-emeraldn-gold","status":"publish","type":"product","link":"https:\/\/innocentiemangonipiante.it\/de\/euonymus-fortunei-emeraldn-gold\/","title":{"rendered":"EUONYMUS fortunei &#8218;Emerald&#8217;n Gold&#8216;"},"content":{"rendered":"<p>Die gl\u00e4nzend gr\u00fcnen Bl\u00e4tter haben breite gelb gl\u00e4nzende R\u00e4nder, die im Herbst rosa-fuchsienfarbene T\u00f6nungen annehmen.<\/p>\n","protected":false},"excerpt":{"rendered":"<p>Die gl\u00e4nzend gr\u00fcnen Bl\u00e4tter haben breite gelb gl\u00e4nzende R\u00e4nder, die im Herbst rosa-fuchsienfarbene T\u00f6nungen annehmen.<\/p>\n","protected":false},"featured_media":2480,"template":"","meta":{"_acf_changed":false},"product_brand":[],"product_cat":[8816],"product_tag":[10898],"class_list":{"0":"post-15017","1":"product","2":"type-product","3":"status-publish","4":"has-post-thumbnail","6":"product_cat-hartnaeckige-baeume-und-straeucher","7":"product_tag-naturlichen","8":"pa_altezza-massima-100-de","9":"pa_altezza-massima-150-de","10":"pa_colore-delle-foglie-vielfaeltigen","11":"pa_condizionamento-clt-de","12":"pa_famiglia-celastraceae-de","13":"pa_genere-euonymus-de","14":"pa_inquinamento-bestaendigkeit-gegen-smog","15":"pa_origine-u-s-a","16":"pa_portamento-cespuglioso-de","17":"pa_resistenza-climatica-sehr-hoch","18":"pa_resistenza-del-suolo-bestandig-gegen-kalkhaltige-boden","19":"pa_resistenza-del-suolo-bestandig-gegen-trockene-boden","20":"pa_resistenza-del-suolo-bestandigkeit-auf-feuchten-boden","21":"pa_salinita-bestaendigkeit-in-meeresluft","22":"pa_utilizzo-balkone","23":"pa_utilizzo-bordueren","24":"pa_utilizzo-kleine-gaerten","26":"first","27":"instock","28":"purchasable","29":"product-type-simple"},"acf":[],"_links":{"self":[{"href":"https:\/\/innocentiemangonipiante.it\/de\/wp-json\/wp\/v2\/product\/15017","targetHints":{"allow":["GET"]}}],"collection":[{"href":"https:\/\/innocentiemangonipiante.it\/de\/wp-json\/wp\/v2\/product"}],"about":[{"href":"https:\/\/innocentiemangonipiante.it\/de\/wp-json\/wp\/v2\/types\/product"}],"wp:featuredmedia":[{"embeddable":true,"href":"https:\/\/innocentiemangonipiante.it\/de\/wp-json\/wp\/v2\/media\/2480"}],"wp:attachment":[{"href":"https:\/\/innocentiemangonipiante.it\/de\/wp-json\/wp\/v2\/media?parent=15017"}],"wp:term":[{"taxonomy":"product_brand","embeddable":true,"href":"https:\/\/innocentiemangonipiante.it\/de\/wp-json\/wp\/v2\/product_brand?post=15017"},{"taxonomy":"product_cat","embeddable":true,"href":"https:\/\/innocentiemangonipiante.it\/de\/wp-json\/wp\/v2\/product_cat?post=15017"},{"taxonomy":"product_tag","embeddable":true,"href":"https:\/\/innocentiemangonipiante.it\/de\/wp-json\/wp\/v2\/product_tag?post=15017"}],"curies":[{"name":"wp","href":"https:\/\/api.w.org\/{rel}","templated":true}]}}