{"id":15018,"date":"2023-11-04T00:48:07","date_gmt":"2023-11-03T23:48:07","guid":{"rendered":"http:\/\/innocentiemangonipiante.it\/euonymus-fortunei-emerald-gaiety\/"},"modified":"2023-11-06T18:15:34","modified_gmt":"2023-11-06T17:15:34","slug":"euonymus-fortunei-emerald-gaiety","status":"publish","type":"product","link":"https:\/\/innocentiemangonipiante.it\/de\/euonymus-fortunei-emerald-gaiety\/","title":{"rendered":"EUONYMUS fortunei &#8218;Emerald Gaiety&#8216;"},"content":{"rendered":"<p>Immergr\u00fcner ziemlich dichter Strauch mit gr\u00fcnen gl\u00e4nzenden Bl\u00e4ttern mit wei\u00dfen R\u00e4ndern, die im Winter rosa T\u00f6nungen annehmen.<\/p>\n","protected":false},"excerpt":{"rendered":"<p>Immergr\u00fcner ziemlich dichter Strauch mit gr\u00fcnen gl\u00e4nzenden Bl\u00e4ttern mit wei\u00dfen R\u00e4ndern, die im Winter rosa T\u00f6nungen annehmen.<\/p>\n","protected":false},"featured_media":2474,"template":"","meta":{"_acf_changed":false},"product_brand":[],"product_cat":[8816],"product_tag":[10898],"class_list":{"0":"post-15018","1":"product","2":"type-product","3":"status-publish","4":"has-post-thumbnail","6":"product_cat-hartnaeckige-baeume-und-straeucher","7":"product_tag-naturlichen","8":"pa_altezza-massima-100-de","9":"pa_altezza-massima-150-de","10":"pa_colore-delle-foglie-vielfaeltigen","11":"pa_colore-fioritura-weis","12":"pa_condizionamento-clt-de","13":"pa_famiglia-celastraceae-de","14":"pa_genere-euonymus-de","15":"pa_inquinamento-bestaendigkeit-gegen-smog","16":"pa_origine-u-s-a","17":"pa_periodo-fioritura-juni","18":"pa_portamento-cespuglioso-de","19":"pa_resistenza-climatica-sehr-hoch","20":"pa_resistenza-del-suolo-bestandig-gegen-kalkhaltige-boden","21":"pa_resistenza-del-suolo-bestandig-gegen-trockene-boden","22":"pa_resistenza-del-suolo-bestandigkeit-auf-feuchten-boden","23":"pa_salinita-bestaendigkeit-in-meeresluft","24":"pa_utilizzo-balkone","25":"pa_utilizzo-bordueren","26":"pa_utilizzo-kleine-gaerten","28":"first","29":"instock","30":"purchasable","31":"product-type-simple"},"acf":[],"_links":{"self":[{"href":"https:\/\/innocentiemangonipiante.it\/de\/wp-json\/wp\/v2\/product\/15018","targetHints":{"allow":["GET"]}}],"collection":[{"href":"https:\/\/innocentiemangonipiante.it\/de\/wp-json\/wp\/v2\/product"}],"about":[{"href":"https:\/\/innocentiemangonipiante.it\/de\/wp-json\/wp\/v2\/types\/product"}],"wp:featuredmedia":[{"embeddable":true,"href":"https:\/\/innocentiemangonipiante.it\/de\/wp-json\/wp\/v2\/media\/2474"}],"wp:attachment":[{"href":"https:\/\/innocentiemangonipiante.it\/de\/wp-json\/wp\/v2\/media?parent=15018"}],"wp:term":[{"taxonomy":"product_brand","embeddable":true,"href":"https:\/\/innocentiemangonipiante.it\/de\/wp-json\/wp\/v2\/product_brand?post=15018"},{"taxonomy":"product_cat","embeddable":true,"href":"https:\/\/innocentiemangonipiante.it\/de\/wp-json\/wp\/v2\/product_cat?post=15018"},{"taxonomy":"product_tag","embeddable":true,"href":"https:\/\/innocentiemangonipiante.it\/de\/wp-json\/wp\/v2\/product_tag?post=15018"}],"curies":[{"name":"wp","href":"https:\/\/api.w.org\/{rel}","templated":true}]}}