{"id":15020,"date":"2023-11-04T00:47:52","date_gmt":"2023-11-03T23:47:52","guid":{"rendered":"http:\/\/innocentiemangonipiante.it\/euonymus-alatus\/"},"modified":"2023-11-06T18:15:22","modified_gmt":"2023-11-06T17:15:22","slug":"euonymus-alatus","status":"publish","type":"product","link":"https:\/\/innocentiemangonipiante.it\/de\/euonymus-alatus\/","title":{"rendered":"EUONYMUS alatus"},"content":{"rendered":"<p>Aufrechter sommergr\u00fcner Strauch. Die eif\u00f6rmigen-elliptischen, gez\u00e4hnten bis zu 7 cm langen Bl\u00e4tter sind dunkelgr\u00fcn und nehmen eine wundersch\u00f6ne gl\u00e4nzend rote Herbstf\u00e4rbung an. Die Zweige mit korkartiger Rinde weisen markante viereckige Lappen auf.<\/p>\n","protected":false},"excerpt":{"rendered":"<p>Aufrechter sommergr\u00fcner Strauch. Die eif\u00f6rmigen-elliptischen, gez\u00e4hnten bis zu 7 cm langen Bl\u00e4tter sind dunkelgr\u00fcn und nehmen eine wundersch\u00f6ne gl\u00e4nzend rote Herbstf\u00e4rbung an. Die Zweige mit korkartiger Rinde weisen markante viereckige Lappen auf.<\/p>\n","protected":false},"featured_media":2462,"template":"","meta":{"_acf_changed":false},"product_brand":[],"product_cat":[8816],"product_tag":[10898,8565,8498],"class_list":{"0":"post-15020","1":"product","2":"type-product","3":"status-publish","4":"has-post-thumbnail","6":"product_cat-hartnaeckige-baeume-und-straeucher","7":"product_tag-naturlichen","8":"product_tag-halbstamm","9":"product_tag-mehrstammig-mit-schirmformiger-krone","10":"pa_altezza-massima-300-de","11":"pa_altezza-massima-400-de","12":"pa_colore-fioritura-weis","13":"pa_condizionamento-clt-de","14":"pa_condizionamento-jungplanzen","15":"pa_condizionamento-schale","16":"pa_famiglia-celastraceae-de","17":"pa_genere-euonymus-de","18":"pa_origine-ostasien","19":"pa_periodo-fioritura-april-de","20":"pa_periodo-fioritura-mai-de","21":"pa_portamento-eretto-de","22":"pa_resistenza-climatica-sehr-hoch","23":"pa_resistenza-del-suolo-bestandig-gegen-kalkhaltige-boden","24":"pa_resistenza-del-suolo-bestandig-gegen-trockene-boden","25":"pa_resistenza-del-suolo-bestandigkeit-auf-feuchten-boden","26":"pa_salinita-bestaendigkeit-in-meeresluft","27":"pa_utilizzo-balkone","28":"pa_utilizzo-kleine-gaerten","30":"first","31":"instock","32":"purchasable","33":"product-type-simple"},"acf":[],"_links":{"self":[{"href":"https:\/\/innocentiemangonipiante.it\/de\/wp-json\/wp\/v2\/product\/15020","targetHints":{"allow":["GET"]}}],"collection":[{"href":"https:\/\/innocentiemangonipiante.it\/de\/wp-json\/wp\/v2\/product"}],"about":[{"href":"https:\/\/innocentiemangonipiante.it\/de\/wp-json\/wp\/v2\/types\/product"}],"wp:featuredmedia":[{"embeddable":true,"href":"https:\/\/innocentiemangonipiante.it\/de\/wp-json\/wp\/v2\/media\/2462"}],"wp:attachment":[{"href":"https:\/\/innocentiemangonipiante.it\/de\/wp-json\/wp\/v2\/media?parent=15020"}],"wp:term":[{"taxonomy":"product_brand","embeddable":true,"href":"https:\/\/innocentiemangonipiante.it\/de\/wp-json\/wp\/v2\/product_brand?post=15020"},{"taxonomy":"product_cat","embeddable":true,"href":"https:\/\/innocentiemangonipiante.it\/de\/wp-json\/wp\/v2\/product_cat?post=15020"},{"taxonomy":"product_tag","embeddable":true,"href":"https:\/\/innocentiemangonipiante.it\/de\/wp-json\/wp\/v2\/product_tag?post=15020"}],"curies":[{"name":"wp","href":"https:\/\/api.w.org\/{rel}","templated":true}]}}