{"id":15022,"date":"2023-11-04T00:51:51","date_gmt":"2023-11-03T23:51:51","guid":{"rendered":"http:\/\/innocentiemangonipiante.it\/exochorda-racemosa-niagara\/"},"modified":"2023-11-06T18:18:48","modified_gmt":"2023-11-06T17:18:48","slug":"exochorda-racemosa-niagara","status":"publish","type":"product","link":"https:\/\/innocentiemangonipiante.it\/de\/exochorda-racemosa-niagara\/","title":{"rendered":"EXOCHORDA racemosa &#8218;Niagara&#8216; \u00ae"},"content":{"rendered":"<p>Kleiner kompakter Strauch und sehr reichbl\u00fchend. Mittelgr\u00fcnes Laub mit hellblau get\u00f6nten Reflexionen. Wei\u00dfe Bl\u00fcten im Fr\u00fchjahr. Exzellente Widerstandsf\u00e4higkeit.<\/p>\n","protected":false},"excerpt":{"rendered":"<p>Kleiner kompakter Strauch und sehr reichbl\u00fchend. Mittelgr\u00fcnes Laub mit hellblau get\u00f6nten Reflexionen. Wei\u00dfe Bl\u00fcten im Fr\u00fchjahr. Exzellente Widerstandsf\u00e4higkeit.<\/p>\n","protected":false},"featured_media":2554,"template":"","meta":{"_acf_changed":false},"product_brand":[],"product_cat":[8813],"product_tag":[10898],"class_list":{"0":"post-15022","1":"product","2":"type-product","3":"status-publish","4":"has-post-thumbnail","6":"product_cat-laubbaume-und-straucher","7":"product_tag-naturlichen","8":"pa_altezza-massima-100-de","9":"pa_altezza-massima-150-de","10":"pa_colore-fioritura-weis","11":"pa_condizionamento-clt-de","12":"pa_famiglia-rosaceae-de","13":"pa_genere-exochorda-de","14":"pa_origine-frankreich","15":"pa_periodo-fioritura-april-de","16":"pa_periodo-fioritura-mai-de","17":"pa_portamento-arrotondato-de","18":"pa_resistenza-climatica-mittel-hoch","19":"pa_utilizzo-balkone","20":"pa_utilizzo-kleine-gaerten","22":"first","23":"instock","24":"purchasable","25":"product-type-simple"},"acf":[],"_links":{"self":[{"href":"https:\/\/innocentiemangonipiante.it\/de\/wp-json\/wp\/v2\/product\/15022","targetHints":{"allow":["GET"]}}],"collection":[{"href":"https:\/\/innocentiemangonipiante.it\/de\/wp-json\/wp\/v2\/product"}],"about":[{"href":"https:\/\/innocentiemangonipiante.it\/de\/wp-json\/wp\/v2\/types\/product"}],"wp:featuredmedia":[{"embeddable":true,"href":"https:\/\/innocentiemangonipiante.it\/de\/wp-json\/wp\/v2\/media\/2554"}],"wp:attachment":[{"href":"https:\/\/innocentiemangonipiante.it\/de\/wp-json\/wp\/v2\/media?parent=15022"}],"wp:term":[{"taxonomy":"product_brand","embeddable":true,"href":"https:\/\/innocentiemangonipiante.it\/de\/wp-json\/wp\/v2\/product_brand?post=15022"},{"taxonomy":"product_cat","embeddable":true,"href":"https:\/\/innocentiemangonipiante.it\/de\/wp-json\/wp\/v2\/product_cat?post=15022"},{"taxonomy":"product_tag","embeddable":true,"href":"https:\/\/innocentiemangonipiante.it\/de\/wp-json\/wp\/v2\/product_tag?post=15022"}],"curies":[{"name":"wp","href":"https:\/\/api.w.org\/{rel}","templated":true}]}}