{"id":15023,"date":"2023-11-04T00:51:58","date_gmt":"2023-11-03T23:51:58","guid":{"rendered":"http:\/\/innocentiemangonipiante.it\/exochorda-x-macrantha-the-bride\/"},"modified":"2023-11-06T18:18:51","modified_gmt":"2023-11-06T17:18:51","slug":"exochorda-x-macrantha-the-bride","status":"publish","type":"product","link":"https:\/\/innocentiemangonipiante.it\/de\/exochorda-x-macrantha-the-bride\/","title":{"rendered":"EXOCHORDA x macrantha &#8218;The Bride&#8216;"},"content":{"rendered":"<p>Kompakter, kr\u00e4ftiger Strauch, mit hellgr\u00fcnen, bis 7 cm langen Bl\u00e4ttern. Reinwei\u00dfe, in bis 6-10 zusammengesetzten Bl\u00fcten die bis 3 cm breit sind.<\/p>\n","protected":false},"excerpt":{"rendered":"<p>Kompakter, kr\u00e4ftiger Strauch, mit hellgr\u00fcnen, bis 7 cm langen Bl\u00e4ttern. Reinwei\u00dfe, in bis 6-10 zusammengesetzten Bl\u00fcten die bis 3 cm breit sind.<\/p>\n","protected":false},"featured_media":2560,"template":"","meta":{"_acf_changed":false},"product_brand":[],"product_cat":[8813],"product_tag":[10898],"class_list":{"0":"post-15023","1":"product","2":"type-product","3":"status-publish","4":"has-post-thumbnail","6":"product_cat-laubbaume-und-straucher","7":"product_tag-naturlichen","8":"pa_altezza-massima-150-de","9":"pa_altezza-massima-200-de","10":"pa_colore-fioritura-weis","11":"pa_condizionamento-clt-de","12":"pa_famiglia-rosaceae-de","13":"pa_genere-exochorda-de","14":"pa_origine-ostasien","15":"pa_periodo-fioritura-april-de","16":"pa_periodo-fioritura-mai-de","17":"pa_portamento-arrotondato-de","18":"pa_resistenza-climatica-mittel-hoch","19":"pa_utilizzo-kleine-gaerten","20":"pa_utilizzo-parks-de","22":"first","23":"instock","24":"purchasable","25":"product-type-simple"},"acf":[],"_links":{"self":[{"href":"https:\/\/innocentiemangonipiante.it\/de\/wp-json\/wp\/v2\/product\/15023","targetHints":{"allow":["GET"]}}],"collection":[{"href":"https:\/\/innocentiemangonipiante.it\/de\/wp-json\/wp\/v2\/product"}],"about":[{"href":"https:\/\/innocentiemangonipiante.it\/de\/wp-json\/wp\/v2\/types\/product"}],"wp:featuredmedia":[{"embeddable":true,"href":"https:\/\/innocentiemangonipiante.it\/de\/wp-json\/wp\/v2\/media\/2560"}],"wp:attachment":[{"href":"https:\/\/innocentiemangonipiante.it\/de\/wp-json\/wp\/v2\/media?parent=15023"}],"wp:term":[{"taxonomy":"product_brand","embeddable":true,"href":"https:\/\/innocentiemangonipiante.it\/de\/wp-json\/wp\/v2\/product_brand?post=15023"},{"taxonomy":"product_cat","embeddable":true,"href":"https:\/\/innocentiemangonipiante.it\/de\/wp-json\/wp\/v2\/product_cat?post=15023"},{"taxonomy":"product_tag","embeddable":true,"href":"https:\/\/innocentiemangonipiante.it\/de\/wp-json\/wp\/v2\/product_tag?post=15023"}],"curies":[{"name":"wp","href":"https:\/\/api.w.org\/{rel}","templated":true}]}}