{"id":15024,"date":"2023-11-04T00:53:10","date_gmt":"2023-11-03T23:53:10","guid":{"rendered":"http:\/\/innocentiemangonipiante.it\/fagus-sylvatica-tricolor\/"},"modified":"2023-11-06T18:19:22","modified_gmt":"2023-11-06T17:19:22","slug":"fagus-sylvatica-tricolor","status":"publish","type":"product","link":"https:\/\/innocentiemangonipiante.it\/de\/fagus-sylvatica-tricolor\/","title":{"rendered":"FAGUS sylvatica &#8218;Tricolor&#8216;"},"content":{"rendered":"<p>Sommergr\u00fcner, ausladender Baum. Die purpurfarbenen Bl\u00e4tter haben rosane und wei\u00df-rosa Streifen und R\u00e4nder. Langsames Wachstum.<\/p>\n","protected":false},"excerpt":{"rendered":"<p>Sommergr\u00fcner, ausladender Baum. Die purpurfarbenen Bl\u00e4tter haben rosane und wei\u00df-rosa Streifen und R\u00e4nder. Langsames Wachstum.<\/p>\n","protected":false},"featured_media":2600,"template":"","meta":{"_acf_changed":false},"product_brand":[],"product_cat":[8813],"product_tag":[10898],"class_list":{"0":"post-15024","1":"product","2":"type-product","3":"status-publish","4":"has-post-thumbnail","6":"product_cat-laubbaume-und-straucher","7":"product_tag-naturlichen","8":"pa_altezza-massima-800-de","9":"pa_altezza-massima-1000-de-2","10":"pa_colore-delle-foglie-vielfaeltigen","11":"pa_condizionamento-clt-de","12":"pa_condizionamento-m-de","13":"pa_famiglia-fagaceae-de-2","14":"pa_genere-fagus-de","15":"pa_inquinamento-bestaendigkeit-gegen-smog","16":"pa_origine-frankreich","17":"pa_portamento-eretto-de","18":"pa_resistenza-climatica-sehr-hoch","19":"pa_resistenza-del-suolo-bestandig-gegen-kalkhaltige-boden","20":"pa_utilizzo-alleen","21":"pa_utilizzo-parks-de","23":"first","24":"instock","25":"purchasable","26":"product-type-simple"},"acf":[],"_links":{"self":[{"href":"https:\/\/innocentiemangonipiante.it\/de\/wp-json\/wp\/v2\/product\/15024","targetHints":{"allow":["GET"]}}],"collection":[{"href":"https:\/\/innocentiemangonipiante.it\/de\/wp-json\/wp\/v2\/product"}],"about":[{"href":"https:\/\/innocentiemangonipiante.it\/de\/wp-json\/wp\/v2\/types\/product"}],"wp:featuredmedia":[{"embeddable":true,"href":"https:\/\/innocentiemangonipiante.it\/de\/wp-json\/wp\/v2\/media\/2600"}],"wp:attachment":[{"href":"https:\/\/innocentiemangonipiante.it\/de\/wp-json\/wp\/v2\/media?parent=15024"}],"wp:term":[{"taxonomy":"product_brand","embeddable":true,"href":"https:\/\/innocentiemangonipiante.it\/de\/wp-json\/wp\/v2\/product_brand?post=15024"},{"taxonomy":"product_cat","embeddable":true,"href":"https:\/\/innocentiemangonipiante.it\/de\/wp-json\/wp\/v2\/product_cat?post=15024"},{"taxonomy":"product_tag","embeddable":true,"href":"https:\/\/innocentiemangonipiante.it\/de\/wp-json\/wp\/v2\/product_tag?post=15024"}],"curies":[{"name":"wp","href":"https:\/\/api.w.org\/{rel}","templated":true}]}}