{"id":15026,"date":"2023-11-04T00:52:57","date_gmt":"2023-11-03T23:52:57","guid":{"rendered":"http:\/\/innocentiemangonipiante.it\/fagus-sylvatica-purple-fountain\/"},"modified":"2023-11-06T18:19:16","modified_gmt":"2023-11-06T17:19:16","slug":"fagus-sylvatica-purple-fountain","status":"publish","type":"product","link":"https:\/\/innocentiemangonipiante.it\/de\/fagus-sylvatica-purple-fountain\/","title":{"rendered":"FAGUS sylvatica &#8218;Purple Fountain&#8216;"},"content":{"rendered":"<p>Sommergr\u00fcner, s\u00e4ulenf\u00f6rmiger Baum. Eine von F. \u2018Purpurea Pendula\u2019 abgeleitete Veredelung. Vom unregelm\u00e4\u00dfig aufrechtem Stamm gehen \u00c4ste und krumme Zweige ab, die ein wundersch\u00f6nes purpurrotes Laub tragen.<\/p>\n","protected":false},"excerpt":{"rendered":"<p>Sommergr\u00fcner, s\u00e4ulenf\u00f6rmiger Baum. Eine von F. \u2018Purpurea Pendula\u2019 abgeleitete Veredelung. Vom unregelm\u00e4\u00dfig aufrechtem Stamm gehen \u00c4ste und krumme Zweige ab, die ein wundersch\u00f6nes purpurrotes Laub tragen.<\/p>\n","protected":false},"featured_media":2588,"template":"","meta":{"_acf_changed":false},"product_brand":[],"product_cat":[8813],"product_tag":[10898],"class_list":{"0":"post-15026","1":"product","2":"type-product","3":"status-publish","4":"has-post-thumbnail","6":"product_cat-laubbaume-und-straucher","7":"product_tag-naturlichen","8":"pa_altezza-massima-800-de","9":"pa_altezza-massima-1000-de-2","10":"pa_colore-delle-foglie-roten","11":"pa_famiglia-fagaceae-de-2","12":"pa_genere-fagus-de","13":"pa_inquinamento-bestaendigkeit-gegen-smog","14":"pa_origine-deutschland","15":"pa_portamento-piangente-de","16":"pa_resistenza-climatica-sehr-hoch","17":"pa_resistenza-del-suolo-bestandig-gegen-kalkhaltige-boden","18":"pa_utilizzo-alleen","19":"pa_utilizzo-parks-de","21":"first","22":"instock","23":"purchasable","24":"product-type-simple"},"acf":[],"_links":{"self":[{"href":"https:\/\/innocentiemangonipiante.it\/de\/wp-json\/wp\/v2\/product\/15026","targetHints":{"allow":["GET"]}}],"collection":[{"href":"https:\/\/innocentiemangonipiante.it\/de\/wp-json\/wp\/v2\/product"}],"about":[{"href":"https:\/\/innocentiemangonipiante.it\/de\/wp-json\/wp\/v2\/types\/product"}],"wp:featuredmedia":[{"embeddable":true,"href":"https:\/\/innocentiemangonipiante.it\/de\/wp-json\/wp\/v2\/media\/2588"}],"wp:attachment":[{"href":"https:\/\/innocentiemangonipiante.it\/de\/wp-json\/wp\/v2\/media?parent=15026"}],"wp:term":[{"taxonomy":"product_brand","embeddable":true,"href":"https:\/\/innocentiemangonipiante.it\/de\/wp-json\/wp\/v2\/product_brand?post=15026"},{"taxonomy":"product_cat","embeddable":true,"href":"https:\/\/innocentiemangonipiante.it\/de\/wp-json\/wp\/v2\/product_cat?post=15026"},{"taxonomy":"product_tag","embeddable":true,"href":"https:\/\/innocentiemangonipiante.it\/de\/wp-json\/wp\/v2\/product_tag?post=15026"}],"curies":[{"name":"wp","href":"https:\/\/api.w.org\/{rel}","templated":true}]}}