{"id":15027,"date":"2023-11-04T00:52:50","date_gmt":"2023-11-03T23:52:50","guid":{"rendered":"http:\/\/innocentiemangonipiante.it\/fagus-sylvatica-pendula\/"},"modified":"2023-11-06T18:19:13","modified_gmt":"2023-11-06T17:19:13","slug":"fagus-sylvatica-pendula","status":"publish","type":"product","link":"https:\/\/innocentiemangonipiante.it\/de\/fagus-sylvatica-pendula\/","title":{"rendered":"FAGUS sylvatica &#8218;Pendula&#8216;"},"content":{"rendered":"<p>\u201cH\u00e4nge-Buche\u201d. Gro\u00dfer sommergr\u00fcner Baum mit herabh\u00e4ngenden Zweigen. Die Haupt\u00e4ste, die bei der Jungpflanze fast aufrecht stehend sind, wachsen unregelm\u00e4\u00dfig waagerecht im Alter. Von ihnen zweigen d\u00fcnne, bis auf den Boden h\u00e4ngende Zweige ab, die dem erwachsenen Baum ein anziehendes und malerisches Aussehen verleihen.<\/p>\n","protected":false},"excerpt":{"rendered":"<p>\u201cH\u00e4nge-Buche\u201d. Gro\u00dfer sommergr\u00fcner Baum mit herabh\u00e4ngenden Zweigen. Die Haupt\u00e4ste, die bei der Jungpflanze fast aufrecht stehend sind, wachsen unregelm\u00e4\u00dfig waagerecht im Alter. Von ihnen zweigen d\u00fcnne, bis auf den Boden h\u00e4ngende Zweige ab, die dem erwachsenen Baum ein anziehendes und malerisches Aussehen verleihen.<\/p>\n","protected":false},"featured_media":22047,"template":"","meta":{"_acf_changed":false},"product_brand":[],"product_cat":[8813],"product_tag":[10898],"class_list":{"0":"post-15027","1":"product","2":"type-product","3":"status-publish","4":"has-post-thumbnail","6":"product_cat-laubbaume-und-straucher","7":"product_tag-naturlichen","8":"pa_altezza-massima-15-meter","9":"pa_altezza-massima-25-meter","10":"pa_condizionamento-m-de","11":"pa_famiglia-fagaceae-de-2","12":"pa_genere-fagus-de","13":"pa_inquinamento-bestaendigkeit-gegen-smog","14":"pa_origine-europe-de","15":"pa_portamento-piangente-de","16":"pa_resistenza-climatica-sehr-hoch","17":"pa_resistenza-del-suolo-bestandig-gegen-kalkhaltige-boden","18":"pa_utilizzo-parks-de","20":"first","21":"instock","22":"purchasable","23":"product-type-simple"},"acf":[],"_links":{"self":[{"href":"https:\/\/innocentiemangonipiante.it\/de\/wp-json\/wp\/v2\/product\/15027","targetHints":{"allow":["GET"]}}],"collection":[{"href":"https:\/\/innocentiemangonipiante.it\/de\/wp-json\/wp\/v2\/product"}],"about":[{"href":"https:\/\/innocentiemangonipiante.it\/de\/wp-json\/wp\/v2\/types\/product"}],"wp:featuredmedia":[{"embeddable":true,"href":"https:\/\/innocentiemangonipiante.it\/de\/wp-json\/wp\/v2\/media\/22047"}],"wp:attachment":[{"href":"https:\/\/innocentiemangonipiante.it\/de\/wp-json\/wp\/v2\/media?parent=15027"}],"wp:term":[{"taxonomy":"product_brand","embeddable":true,"href":"https:\/\/innocentiemangonipiante.it\/de\/wp-json\/wp\/v2\/product_brand?post=15027"},{"taxonomy":"product_cat","embeddable":true,"href":"https:\/\/innocentiemangonipiante.it\/de\/wp-json\/wp\/v2\/product_cat?post=15027"},{"taxonomy":"product_tag","embeddable":true,"href":"https:\/\/innocentiemangonipiante.it\/de\/wp-json\/wp\/v2\/product_tag?post=15027"}],"curies":[{"name":"wp","href":"https:\/\/api.w.org\/{rel}","templated":true}]}}