{"id":15032,"date":"2023-11-04T00:52:12","date_gmt":"2023-11-03T23:52:12","guid":{"rendered":"http:\/\/innocentiemangonipiante.it\/fagus-sylvatica-asplenifolia\/"},"modified":"2023-11-06T18:18:57","modified_gmt":"2023-11-06T17:18:57","slug":"fagus-sylvatica-asplenifolia","status":"publish","type":"product","link":"https:\/\/innocentiemangonipiante.it\/de\/fagus-sylvatica-asplenifolia\/","title":{"rendered":"FAGUS sylvatica &#8218;Asplenifolia&#8216;"},"content":{"rendered":"<p>\u201cFieder-Buche\u201d. Immergr\u00fcner Baum mit dunkelgr\u00fcnen, d\u00fcnnen Bl\u00e4ttern, die stark eingekerbt sind und schmale Lappen bilden.<\/p>\n","protected":false},"excerpt":{"rendered":"<p>\u201cFieder-Buche\u201d. Immergr\u00fcner Baum mit dunkelgr\u00fcnen, d\u00fcnnen Bl\u00e4ttern, die stark eingekerbt sind und schmale Lappen bilden.<\/p>\n","protected":false},"featured_media":2572,"template":"","meta":{"_acf_changed":false},"product_brand":[],"product_cat":[8813],"product_tag":[10898,8401],"class_list":{"0":"post-15032","1":"product","2":"type-product","3":"status-publish","4":"has-post-thumbnail","6":"product_cat-laubbaume-und-straucher","7":"product_tag-naturlichen","8":"product_tag-hochstamm","9":"pa_altezza-massima-800-de","10":"pa_altezza-massima-12-meter","11":"pa_condizionamento-clt-de","12":"pa_condizionamento-m-de","13":"pa_famiglia-fagaceae-de-2","14":"pa_genere-fagus-de","15":"pa_inquinamento-bestaendigkeit-gegen-smog","16":"pa_origine-mitteleuropa","17":"pa_portamento-arrotondato-de","18":"pa_resistenza-climatica-sehr-hoch","19":"pa_resistenza-del-suolo-bestandig-gegen-kalkhaltige-boden","20":"pa_utilizzo-alleen","21":"pa_utilizzo-parks-de","23":"first","24":"instock","25":"purchasable","26":"product-type-simple"},"acf":[],"_links":{"self":[{"href":"https:\/\/innocentiemangonipiante.it\/de\/wp-json\/wp\/v2\/product\/15032","targetHints":{"allow":["GET"]}}],"collection":[{"href":"https:\/\/innocentiemangonipiante.it\/de\/wp-json\/wp\/v2\/product"}],"about":[{"href":"https:\/\/innocentiemangonipiante.it\/de\/wp-json\/wp\/v2\/types\/product"}],"wp:featuredmedia":[{"embeddable":true,"href":"https:\/\/innocentiemangonipiante.it\/de\/wp-json\/wp\/v2\/media\/2572"}],"wp:attachment":[{"href":"https:\/\/innocentiemangonipiante.it\/de\/wp-json\/wp\/v2\/media?parent=15032"}],"wp:term":[{"taxonomy":"product_brand","embeddable":true,"href":"https:\/\/innocentiemangonipiante.it\/de\/wp-json\/wp\/v2\/product_brand?post=15032"},{"taxonomy":"product_cat","embeddable":true,"href":"https:\/\/innocentiemangonipiante.it\/de\/wp-json\/wp\/v2\/product_cat?post=15032"},{"taxonomy":"product_tag","embeddable":true,"href":"https:\/\/innocentiemangonipiante.it\/de\/wp-json\/wp\/v2\/product_tag?post=15032"}],"curies":[{"name":"wp","href":"https:\/\/api.w.org\/{rel}","templated":true}]}}