{"id":15033,"date":"2023-11-04T00:52:05","date_gmt":"2023-11-03T23:52:05","guid":{"rendered":"http:\/\/innocentiemangonipiante.it\/fagus-sylvatica\/"},"modified":"2023-11-06T18:18:54","modified_gmt":"2023-11-06T17:18:54","slug":"fagus-sylvatica","status":"publish","type":"product","link":"https:\/\/innocentiemangonipiante.it\/de\/fagus-sylvatica\/","title":{"rendered":"FAGUS sylvatica"},"content":{"rendered":"<p>\u201cBuche\u201d. Gro\u00dfer, sommergr\u00fcner und ausladender Baum. Die elliptisch-eif\u00f6rmigen, 10 Cm langen Bl\u00e4tter haben einen gewellten Rand und sind gr\u00fcn bis dunkelgr\u00fcn. Sie nehmen eine sch\u00f6ne gelborangefarbene Herbstt\u00f6nung an. Glatte, silberne Rinde. Vertr\u00e4gt gut d\u00fcrftige und sehr kalkreiche B\u00f6den.<\/p>\n","protected":false},"excerpt":{"rendered":"<p>\u201cBuche\u201d. Gro\u00dfer, sommergr\u00fcner und ausladender Baum. Die elliptisch-eif\u00f6rmigen, 10 Cm langen Bl\u00e4tter haben einen gewellten Rand und sind gr\u00fcn bis dunkelgr\u00fcn. Sie nehmen eine sch\u00f6ne gelborangefarbene Herbstt\u00f6nung an. Glatte, silberne Rinde. Vertr\u00e4gt gut d\u00fcrftige und sehr kalkreiche B\u00f6den.<\/p>\n","protected":false},"featured_media":2566,"template":"","meta":{"_acf_changed":false},"product_brand":[],"product_cat":[8813],"product_tag":[10898,8401,10902],"class_list":{"0":"post-15033","1":"product","2":"type-product","3":"status-publish","4":"has-post-thumbnail","6":"product_cat-laubbaume-und-straucher","7":"product_tag-naturlichen","8":"product_tag-hochstamm","9":"product_tag-stammbusch","10":"pa_altezza-massima-20-meter","11":"pa_altezza-massima-30-meter","12":"pa_condizionamento-clt-de","13":"pa_condizionamento-m-de","14":"pa_famiglia-fagaceae-de-2","15":"pa_genere-fagus-de","16":"pa_inquinamento-bestaendigkeit-gegen-smog","17":"pa_origine-mitteleuropa","18":"pa_portamento-piramidale-de","19":"pa_resistenza-climatica-sehr-hoch","20":"pa_resistenza-del-suolo-bestandig-gegen-kalkhaltige-boden","21":"pa_utilizzo-alleen","22":"pa_utilizzo-parks-de","24":"first","25":"instock","26":"purchasable","27":"product-type-simple"},"acf":[],"_links":{"self":[{"href":"https:\/\/innocentiemangonipiante.it\/de\/wp-json\/wp\/v2\/product\/15033","targetHints":{"allow":["GET"]}}],"collection":[{"href":"https:\/\/innocentiemangonipiante.it\/de\/wp-json\/wp\/v2\/product"}],"about":[{"href":"https:\/\/innocentiemangonipiante.it\/de\/wp-json\/wp\/v2\/types\/product"}],"wp:featuredmedia":[{"embeddable":true,"href":"https:\/\/innocentiemangonipiante.it\/de\/wp-json\/wp\/v2\/media\/2566"}],"wp:attachment":[{"href":"https:\/\/innocentiemangonipiante.it\/de\/wp-json\/wp\/v2\/media?parent=15033"}],"wp:term":[{"taxonomy":"product_brand","embeddable":true,"href":"https:\/\/innocentiemangonipiante.it\/de\/wp-json\/wp\/v2\/product_brand?post=15033"},{"taxonomy":"product_cat","embeddable":true,"href":"https:\/\/innocentiemangonipiante.it\/de\/wp-json\/wp\/v2\/product_cat?post=15033"},{"taxonomy":"product_tag","embeddable":true,"href":"https:\/\/innocentiemangonipiante.it\/de\/wp-json\/wp\/v2\/product_tag?post=15033"}],"curies":[{"name":"wp","href":"https:\/\/api.w.org\/{rel}","templated":true}]}}