{"id":15034,"date":"2023-11-04T00:53:49","date_gmt":"2023-11-03T23:53:49","guid":{"rendered":"http:\/\/innocentiemangonipiante.it\/fatsia-japonica-spiders-web\/"},"modified":"2023-11-06T18:20:04","modified_gmt":"2023-11-06T17:20:04","slug":"fatsia-japonica-spiders-web","status":"publish","type":"product","link":"https:\/\/innocentiemangonipiante.it\/de\/fatsia-japonica-spiders-web\/","title":{"rendered":"FATSIA japonica &#8218;Spider&#8217;s Web&#8216;"},"content":{"rendered":"<p>Buschiger Strauch mit dunkelgr\u00fcnen Bl\u00e4ttern, die insbesondere an den R\u00e4ndern stark wei\u00df gesprenkelt sind. Aber die wei\u00dfe F\u00e4rbung kann sich manchmal auch \u00fcber das ganze Blatt verteilen. Im Herbst bringt er wei\u00dfe Bl\u00fctenst\u00e4ngel hervor, an denen sich sp\u00e4ter schwarze Beeren entwickeln.<\/p>\n","protected":false},"excerpt":{"rendered":"<p>Buschiger Strauch mit dunkelgr\u00fcnen Bl\u00e4ttern, die insbesondere an den R\u00e4ndern stark wei\u00df gesprenkelt sind. Aber die wei\u00dfe F\u00e4rbung kann sich manchmal auch \u00fcber das ganze Blatt verteilen. Im Herbst bringt er wei\u00dfe Bl\u00fctenst\u00e4ngel hervor, an denen sich sp\u00e4ter schwarze Beeren entwickeln.<\/p>\n","protected":false},"featured_media":2612,"template":"","meta":{"_acf_changed":false},"product_brand":[],"product_cat":[8816],"product_tag":[10898],"class_list":{"0":"post-15034","1":"product","2":"type-product","3":"status-publish","4":"has-post-thumbnail","6":"product_cat-hartnaeckige-baeume-und-straeucher","7":"product_tag-naturlichen","8":"pa_altezza-massima-200-de","9":"pa_altezza-massima-250-de","10":"pa_colore-delle-foglie-vielfaeltigen","11":"pa_colore-fioritura-weis","12":"pa_condizionamento-clt-de","13":"pa_condizionamento-jungplanzen","14":"pa_famiglia-araliaceae-de","15":"pa_genere-fatsia-de","16":"pa_origine-japan-de","17":"pa_periodo-fioritura-november-de","18":"pa_periodo-fioritura-oktober","19":"pa_periodo-fruttificazione-januar","20":"pa_portamento-cespuglioso-de","21":"pa_resistenza-climatica-mittel-hoch","22":"pa_utilizzo-balkone","23":"pa_utilizzo-kleine-gaerten","25":"first","26":"instock","27":"purchasable","28":"product-type-simple"},"acf":[],"_links":{"self":[{"href":"https:\/\/innocentiemangonipiante.it\/de\/wp-json\/wp\/v2\/product\/15034","targetHints":{"allow":["GET"]}}],"collection":[{"href":"https:\/\/innocentiemangonipiante.it\/de\/wp-json\/wp\/v2\/product"}],"about":[{"href":"https:\/\/innocentiemangonipiante.it\/de\/wp-json\/wp\/v2\/types\/product"}],"wp:featuredmedia":[{"embeddable":true,"href":"https:\/\/innocentiemangonipiante.it\/de\/wp-json\/wp\/v2\/media\/2612"}],"wp:attachment":[{"href":"https:\/\/innocentiemangonipiante.it\/de\/wp-json\/wp\/v2\/media?parent=15034"}],"wp:term":[{"taxonomy":"product_brand","embeddable":true,"href":"https:\/\/innocentiemangonipiante.it\/de\/wp-json\/wp\/v2\/product_brand?post=15034"},{"taxonomy":"product_cat","embeddable":true,"href":"https:\/\/innocentiemangonipiante.it\/de\/wp-json\/wp\/v2\/product_cat?post=15034"},{"taxonomy":"product_tag","embeddable":true,"href":"https:\/\/innocentiemangonipiante.it\/de\/wp-json\/wp\/v2\/product_tag?post=15034"}],"curies":[{"name":"wp","href":"https:\/\/api.w.org\/{rel}","templated":true}]}}