{"id":15035,"date":"2023-11-04T00:53:34","date_gmt":"2023-11-03T23:53:34","guid":{"rendered":"http:\/\/innocentiemangonipiante.it\/fatsia-japonica\/"},"modified":"2023-11-06T18:19:31","modified_gmt":"2023-11-06T17:19:31","slug":"fatsia-japonica","status":"publish","type":"product","link":"https:\/\/innocentiemangonipiante.it\/de\/fatsia-japonica\/","title":{"rendered":"FATSIA japonica"},"content":{"rendered":"<p>Immergr\u00fcner ausladender, rundlicher Strauch mit gro\u00dfen sieben- bis elflappigen, gez\u00e4hnten Bl\u00e4ttern, die dunkelgr\u00fcn und 15-40 cm lang sind, und auf gelb-hellgr\u00fcnen gebogenen St\u00e4ngeln sitzen. Im Herbst bl\u00fchen wei\u00dfe Bl\u00fcten, aus denen runde schwarze Fr\u00fcchte hervorgehen.<\/p>\n","protected":false},"excerpt":{"rendered":"<p>Immergr\u00fcner ausladender, rundlicher Strauch mit gro\u00dfen sieben- bis elflappigen, gez\u00e4hnten Bl\u00e4ttern, die dunkelgr\u00fcn und 15-40 cm lang sind, und auf gelb-hellgr\u00fcnen gebogenen St\u00e4ngeln sitzen. Im Herbst bl\u00fchen wei\u00dfe Bl\u00fcten, aus denen runde schwarze Fr\u00fcchte hervorgehen.<\/p>\n","protected":false},"featured_media":2606,"template":"","meta":{"_acf_changed":false},"product_brand":[],"product_cat":[8816],"product_tag":[10898],"class_list":{"0":"post-15035","1":"product","2":"type-product","3":"status-publish","4":"has-post-thumbnail","6":"product_cat-hartnaeckige-baeume-und-straeucher","7":"product_tag-naturlichen","8":"pa_altezza-massima-300-de","9":"pa_altezza-massima-400-de","10":"pa_colore-fioritura-weis","11":"pa_condizionamento-clt-de","12":"pa_condizionamento-jungplanzen","13":"pa_famiglia-araliaceae-de","14":"pa_genere-fatsia-de","15":"pa_origine-ostasien","16":"pa_periodo-fioritura-november-de","17":"pa_periodo-fioritura-oktober","18":"pa_portamento-arrotondato-de","19":"pa_resistenza-climatica-mittel-hoch","20":"pa_utilizzo-kleine-gaerten","21":"pa_utilizzo-parks-de","23":"first","24":"instock","25":"purchasable","26":"product-type-simple"},"acf":[],"_links":{"self":[{"href":"https:\/\/innocentiemangonipiante.it\/de\/wp-json\/wp\/v2\/product\/15035","targetHints":{"allow":["GET"]}}],"collection":[{"href":"https:\/\/innocentiemangonipiante.it\/de\/wp-json\/wp\/v2\/product"}],"about":[{"href":"https:\/\/innocentiemangonipiante.it\/de\/wp-json\/wp\/v2\/types\/product"}],"wp:featuredmedia":[{"embeddable":true,"href":"https:\/\/innocentiemangonipiante.it\/de\/wp-json\/wp\/v2\/media\/2606"}],"wp:attachment":[{"href":"https:\/\/innocentiemangonipiante.it\/de\/wp-json\/wp\/v2\/media?parent=15035"}],"wp:term":[{"taxonomy":"product_brand","embeddable":true,"href":"https:\/\/innocentiemangonipiante.it\/de\/wp-json\/wp\/v2\/product_brand?post=15035"},{"taxonomy":"product_cat","embeddable":true,"href":"https:\/\/innocentiemangonipiante.it\/de\/wp-json\/wp\/v2\/product_cat?post=15035"},{"taxonomy":"product_tag","embeddable":true,"href":"https:\/\/innocentiemangonipiante.it\/de\/wp-json\/wp\/v2\/product_tag?post=15035"}],"curies":[{"name":"wp","href":"https:\/\/api.w.org\/{rel}","templated":true}]}}