{"id":15041,"date":"2023-11-04T00:54:04","date_gmt":"2023-11-03T23:54:04","guid":{"rendered":"http:\/\/innocentiemangonipiante.it\/feijoa-sellowiana\/"},"modified":"2023-11-06T18:20:14","modified_gmt":"2023-11-06T17:20:14","slug":"feijoa-sellowiana","status":"publish","type":"product","link":"https:\/\/innocentiemangonipiante.it\/de\/feijoa-sellowiana\/","title":{"rendered":"FEIJOA sellowiana"},"content":{"rendered":"<p>Immergr\u00fcner Baum mit elliptischen l\u00e4nglichen grau-gr\u00fcnen Bl\u00e4ttern, die 5-7 cm lang werden und auf der Unterseite silbrig wollig sind. Mitte Sommer tr\u00e4gt er 3-4 cm lange Bl\u00fcten mit langen roten Staubbl\u00e4ttern und purpurroten Kronbl\u00e4ttern, die wei\u00dfrosa an den R\u00e4ndern und auf der Innenseite sind.<\/p>\n","protected":false},"excerpt":{"rendered":"<p>Immergr\u00fcner Baum mit elliptischen l\u00e4nglichen grau-gr\u00fcnen Bl\u00e4ttern, die 5-7 cm lang werden und auf der Unterseite silbrig wollig sind. Mitte Sommer tr\u00e4gt er 3-4 cm lange Bl\u00fcten mit langen roten Staubbl\u00e4ttern und purpurroten Kronbl\u00e4ttern, die wei\u00dfrosa an den R\u00e4ndern und auf der Innenseite sind.<\/p>\n","protected":false},"featured_media":2618,"template":"","meta":{"_acf_changed":false},"product_brand":[],"product_cat":[8816,9231],"product_tag":[10898],"class_list":{"0":"post-15041","1":"product","2":"type-product","3":"status-publish","4":"has-post-thumbnail","6":"product_cat-hartnaeckige-baeume-und-straeucher","7":"product_cat-baume-und-pflanzen-der-zukunft","8":"product_tag-naturlichen","9":"pa_altezza-massima-300-de","10":"pa_altezza-massima-400-de","11":"pa_colore-delle-foglie-grauen","12":"pa_colore-fioritura-rot","13":"pa_famiglia-myrtaceae-de","14":"pa_genere-feijoa-de","15":"pa_origine-brasilien","16":"pa_periodo-fioritura-august-de","17":"pa_periodo-fioritura-juli","18":"pa_portamento-cespuglioso-de","19":"pa_resistenza-climatica-mittel","20":"pa_resistenza-del-suolo-bestandig-gegen-trockene-boden","21":"pa_salinita-bestaendigkeit-in-meeresluft","22":"pa_utilizzo-kleine-gaerten","23":"pa_utilizzo-parks-de","25":"first","26":"instock","27":"purchasable","28":"product-type-simple"},"acf":[],"_links":{"self":[{"href":"https:\/\/innocentiemangonipiante.it\/de\/wp-json\/wp\/v2\/product\/15041","targetHints":{"allow":["GET"]}}],"collection":[{"href":"https:\/\/innocentiemangonipiante.it\/de\/wp-json\/wp\/v2\/product"}],"about":[{"href":"https:\/\/innocentiemangonipiante.it\/de\/wp-json\/wp\/v2\/types\/product"}],"wp:featuredmedia":[{"embeddable":true,"href":"https:\/\/innocentiemangonipiante.it\/de\/wp-json\/wp\/v2\/media\/2618"}],"wp:attachment":[{"href":"https:\/\/innocentiemangonipiante.it\/de\/wp-json\/wp\/v2\/media?parent=15041"}],"wp:term":[{"taxonomy":"product_brand","embeddable":true,"href":"https:\/\/innocentiemangonipiante.it\/de\/wp-json\/wp\/v2\/product_brand?post=15041"},{"taxonomy":"product_cat","embeddable":true,"href":"https:\/\/innocentiemangonipiante.it\/de\/wp-json\/wp\/v2\/product_cat?post=15041"},{"taxonomy":"product_tag","embeddable":true,"href":"https:\/\/innocentiemangonipiante.it\/de\/wp-json\/wp\/v2\/product_tag?post=15041"}],"curies":[{"name":"wp","href":"https:\/\/api.w.org\/{rel}","templated":true}]}}