{"id":15043,"date":"2023-11-04T00:58:24","date_gmt":"2023-11-03T23:58:24","guid":{"rendered":"http:\/\/innocentiemangonipiante.it\/forsythia-x-intermedia-week-end\/"},"modified":"2023-11-06T18:22:34","modified_gmt":"2023-11-06T17:22:34","slug":"forsythia-x-intermedia-week-end","status":"publish","type":"product","link":"https:\/\/innocentiemangonipiante.it\/de\/forsythia-x-intermedia-week-end\/","title":{"rendered":"FORSYTHIA x intermedia &#8218;Week End&#8216; \u00ae"},"content":{"rendered":"<p>Sehr reichbl\u00fchend. Goldgelbe Bl\u00fcten im Fr\u00fchjahr.<\/p>\n","protected":false},"excerpt":{"rendered":"<p>Sehr reichbl\u00fchend. Goldgelbe Bl\u00fcten im Fr\u00fchjahr.<\/p>\n","protected":false},"featured_media":2685,"template":"","meta":{"_acf_changed":false},"product_brand":[],"product_cat":[8813],"product_tag":[10898,8565],"class_list":{"0":"post-15043","1":"product","2":"type-product","3":"status-publish","4":"has-post-thumbnail","6":"product_cat-laubbaume-und-straucher","7":"product_tag-naturlichen","8":"product_tag-halbstamm","9":"pa_altezza-massima-200-de","10":"pa_altezza-massima-250-de","11":"pa_colore-fioritura-gelbe","12":"pa_condizionamento-clt-de","13":"pa_famiglia-oleaceae-de","14":"pa_genere-forsythia-de","15":"pa_inquinamento-bestaendigkeit-gegen-smog","16":"pa_origine-europe-de","17":"pa_periodo-fioritura-april-de","18":"pa_periodo-fioritura-maerz","19":"pa_portamento-arrotondato-de","20":"pa_resistenza-climatica-mittel-hoch","21":"pa_resistenza-del-suolo-bestandig-gegen-kalkhaltige-boden","22":"pa_utilizzo-kleine-gaerten","23":"pa_utilizzo-parks-de","25":"first","26":"instock","27":"purchasable","28":"product-type-simple"},"acf":[],"_links":{"self":[{"href":"https:\/\/innocentiemangonipiante.it\/de\/wp-json\/wp\/v2\/product\/15043","targetHints":{"allow":["GET"]}}],"collection":[{"href":"https:\/\/innocentiemangonipiante.it\/de\/wp-json\/wp\/v2\/product"}],"about":[{"href":"https:\/\/innocentiemangonipiante.it\/de\/wp-json\/wp\/v2\/types\/product"}],"wp:featuredmedia":[{"embeddable":true,"href":"https:\/\/innocentiemangonipiante.it\/de\/wp-json\/wp\/v2\/media\/2685"}],"wp:attachment":[{"href":"https:\/\/innocentiemangonipiante.it\/de\/wp-json\/wp\/v2\/media?parent=15043"}],"wp:term":[{"taxonomy":"product_brand","embeddable":true,"href":"https:\/\/innocentiemangonipiante.it\/de\/wp-json\/wp\/v2\/product_brand?post=15043"},{"taxonomy":"product_cat","embeddable":true,"href":"https:\/\/innocentiemangonipiante.it\/de\/wp-json\/wp\/v2\/product_cat?post=15043"},{"taxonomy":"product_tag","embeddable":true,"href":"https:\/\/innocentiemangonipiante.it\/de\/wp-json\/wp\/v2\/product_tag?post=15043"}],"curies":[{"name":"wp","href":"https:\/\/api.w.org\/{rel}","templated":true}]}}