{"id":15044,"date":"2023-11-04T00:58:18","date_gmt":"2023-11-03T23:58:18","guid":{"rendered":"http:\/\/innocentiemangonipiante.it\/forsythia-x-intermedia-spring-glory\/"},"modified":"2023-11-06T18:22:31","modified_gmt":"2023-11-06T17:22:31","slug":"forsythia-x-intermedia-spring-glory","status":"publish","type":"product","link":"https:\/\/innocentiemangonipiante.it\/de\/forsythia-x-intermedia-spring-glory\/","title":{"rendered":"FORSYTHIA x intermedia &#8218;Spring Glory&#8216;"},"content":{"rendered":"<p>Kr\u00e4ftiger Strauch, aufrecht. Bl\u00fctezeit von Mitte Februar bis Mitte M\u00e4rz.<\/p>\n","protected":false},"excerpt":{"rendered":"<p>Kr\u00e4ftiger Strauch, aufrecht. Bl\u00fctezeit von Mitte Februar bis Mitte M\u00e4rz.<\/p>\n","protected":false},"featured_media":2679,"template":"","meta":{"_acf_changed":false},"product_brand":[],"product_cat":[8813],"product_tag":[10898],"class_list":{"0":"post-15044","1":"product","2":"type-product","3":"status-publish","4":"has-post-thumbnail","6":"product_cat-laubbaume-und-straucher","7":"product_tag-naturlichen","8":"pa_altezza-massima-200-de","9":"pa_altezza-massima-400-de","10":"pa_colore-fioritura-gelbe","11":"pa_condizionamento-clt-de","12":"pa_famiglia-oleaceae-de","13":"pa_genere-forsythia-de","14":"pa_inquinamento-bestaendigkeit-gegen-smog","15":"pa_origine-europe-de","16":"pa_periodo-fioritura-februar","17":"pa_periodo-fioritura-maerz","18":"pa_portamento-eretto-de","19":"pa_resistenza-climatica-mittel-hoch","20":"pa_resistenza-del-suolo-bestandig-gegen-kalkhaltige-boden","21":"pa_utilizzo-kleine-gaerten","22":"pa_utilizzo-parks-de","24":"first","25":"instock","26":"purchasable","27":"product-type-simple"},"acf":[],"_links":{"self":[{"href":"https:\/\/innocentiemangonipiante.it\/de\/wp-json\/wp\/v2\/product\/15044","targetHints":{"allow":["GET"]}}],"collection":[{"href":"https:\/\/innocentiemangonipiante.it\/de\/wp-json\/wp\/v2\/product"}],"about":[{"href":"https:\/\/innocentiemangonipiante.it\/de\/wp-json\/wp\/v2\/types\/product"}],"wp:featuredmedia":[{"embeddable":true,"href":"https:\/\/innocentiemangonipiante.it\/de\/wp-json\/wp\/v2\/media\/2679"}],"wp:attachment":[{"href":"https:\/\/innocentiemangonipiante.it\/de\/wp-json\/wp\/v2\/media?parent=15044"}],"wp:term":[{"taxonomy":"product_brand","embeddable":true,"href":"https:\/\/innocentiemangonipiante.it\/de\/wp-json\/wp\/v2\/product_brand?post=15044"},{"taxonomy":"product_cat","embeddable":true,"href":"https:\/\/innocentiemangonipiante.it\/de\/wp-json\/wp\/v2\/product_cat?post=15044"},{"taxonomy":"product_tag","embeddable":true,"href":"https:\/\/innocentiemangonipiante.it\/de\/wp-json\/wp\/v2\/product_tag?post=15044"}],"curies":[{"name":"wp","href":"https:\/\/api.w.org\/{rel}","templated":true}]}}