{"id":15045,"date":"2023-11-04T00:58:04","date_gmt":"2023-11-03T23:58:04","guid":{"rendered":"http:\/\/innocentiemangonipiante.it\/forsythia-x-intermedia-mini-gold\/"},"modified":"2023-11-06T18:22:24","modified_gmt":"2023-11-06T17:22:24","slug":"forsythia-x-intermedia-mini-gold","status":"publish","type":"product","link":"https:\/\/innocentiemangonipiante.it\/de\/forsythia-x-intermedia-mini-gold\/","title":{"rendered":"FORSYTHIA x intermedia &#8218;Mini Gold&#8216; \u00ae"},"content":{"rendered":"<p>Sommergr\u00fcne rundliche Pflanze, Kompakter Wuchs, hellgr\u00fcnen lanzenf\u00f6rmige Bl\u00e4tter mit einem gelbem Streifen in der Mitte. Fr\u00fchen und zahlreichen gelbe Blumen.<\/p>\n","protected":false},"excerpt":{"rendered":"<p>Sommergr\u00fcne rundliche Pflanze, Kompakter Wuchs, hellgr\u00fcnen lanzenf\u00f6rmige Bl\u00e4tter mit einem gelbem Streifen in der Mitte. Fr\u00fchen und zahlreichen gelbe Blumen.<\/p>\n","protected":false},"featured_media":2673,"template":"","meta":{"_acf_changed":false},"product_brand":[],"product_cat":[8813],"product_tag":[10898],"class_list":{"0":"post-15045","1":"product","2":"type-product","3":"status-publish","4":"has-post-thumbnail","6":"product_cat-laubbaume-und-straucher","7":"product_tag-naturlichen","8":"pa_altezza-massima-300-de","9":"pa_altezza-massima-400-de","10":"pa_colore-delle-foglie-vielfaeltigen","11":"pa_colore-fioritura-gelbe","12":"pa_condizionamento-clt-de","13":"pa_famiglia-oleaceae-de","14":"pa_genere-forsythia-de","15":"pa_inquinamento-bestaendigkeit-gegen-smog","16":"pa_origine-europe-de","17":"pa_periodo-fioritura-april-de","18":"pa_periodo-fioritura-mai-de","19":"pa_periodo-fioritura-maerz","20":"pa_portamento-arrotondato-de","21":"pa_resistenza-climatica-mittel-hoch","22":"pa_resistenza-del-suolo-bestandig-gegen-kalkhaltige-boden","23":"pa_utilizzo-kleine-gaerten","24":"pa_utilizzo-parks-de","26":"first","27":"instock","28":"purchasable","29":"product-type-simple"},"acf":[],"_links":{"self":[{"href":"https:\/\/innocentiemangonipiante.it\/de\/wp-json\/wp\/v2\/product\/15045","targetHints":{"allow":["GET"]}}],"collection":[{"href":"https:\/\/innocentiemangonipiante.it\/de\/wp-json\/wp\/v2\/product"}],"about":[{"href":"https:\/\/innocentiemangonipiante.it\/de\/wp-json\/wp\/v2\/types\/product"}],"wp:featuredmedia":[{"embeddable":true,"href":"https:\/\/innocentiemangonipiante.it\/de\/wp-json\/wp\/v2\/media\/2673"}],"wp:attachment":[{"href":"https:\/\/innocentiemangonipiante.it\/de\/wp-json\/wp\/v2\/media?parent=15045"}],"wp:term":[{"taxonomy":"product_brand","embeddable":true,"href":"https:\/\/innocentiemangonipiante.it\/de\/wp-json\/wp\/v2\/product_brand?post=15045"},{"taxonomy":"product_cat","embeddable":true,"href":"https:\/\/innocentiemangonipiante.it\/de\/wp-json\/wp\/v2\/product_cat?post=15045"},{"taxonomy":"product_tag","embeddable":true,"href":"https:\/\/innocentiemangonipiante.it\/de\/wp-json\/wp\/v2\/product_tag?post=15045"}],"curies":[{"name":"wp","href":"https:\/\/api.w.org\/{rel}","templated":true}]}}