{"id":15047,"date":"2023-11-04T00:57:48","date_gmt":"2023-11-03T23:57:48","guid":{"rendered":"http:\/\/innocentiemangonipiante.it\/forsythia-x-intermedia-melee-dor\/"},"modified":"2023-11-06T18:22:18","modified_gmt":"2023-11-06T17:22:18","slug":"forsythia-x-intermedia-melee-dor","status":"publish","type":"product","link":"https:\/\/innocentiemangonipiante.it\/de\/forsythia-x-intermedia-melee-dor\/","title":{"rendered":"FORSYTHIA x intermedia &#8218;Melee d&#8217;Or&#8216; \u00ae"},"content":{"rendered":"<p>Kompakter Strauch. Gro\u00dfe fr\u00fchen Bl\u00fctezeit.<\/p>\n","protected":false},"excerpt":{"rendered":"<p>Kompakter Strauch. Gro\u00dfe fr\u00fchen Bl\u00fctezeit.<\/p>\n","protected":false},"featured_media":2666,"template":"","meta":{"_acf_changed":false},"product_brand":[],"product_cat":[8813],"product_tag":[10898],"class_list":{"0":"post-15047","1":"product","2":"type-product","3":"status-publish","4":"has-post-thumbnail","6":"product_cat-laubbaume-und-straucher","7":"product_tag-naturlichen","8":"pa_altezza-massima-0_50-meter","9":"pa_altezza-massima-100-de","10":"pa_colore-fioritura-gelbe","11":"pa_condizionamento-clt-de","12":"pa_famiglia-oleaceae-de","13":"pa_genere-forsythia-de","14":"pa_inquinamento-bestaendigkeit-gegen-smog","15":"pa_origine-frankreich","16":"pa_periodo-fioritura-maerz","17":"pa_portamento-arrotondato-de","18":"pa_resistenza-climatica-mittel-hoch","19":"pa_resistenza-del-suolo-bestandig-gegen-kalkhaltige-boden","20":"pa_utilizzo-kleine-gaerten","21":"pa_utilizzo-parks-de","23":"first","24":"instock","25":"purchasable","26":"product-type-simple"},"acf":[],"_links":{"self":[{"href":"https:\/\/innocentiemangonipiante.it\/de\/wp-json\/wp\/v2\/product\/15047","targetHints":{"allow":["GET"]}}],"collection":[{"href":"https:\/\/innocentiemangonipiante.it\/de\/wp-json\/wp\/v2\/product"}],"about":[{"href":"https:\/\/innocentiemangonipiante.it\/de\/wp-json\/wp\/v2\/types\/product"}],"wp:featuredmedia":[{"embeddable":true,"href":"https:\/\/innocentiemangonipiante.it\/de\/wp-json\/wp\/v2\/media\/2666"}],"wp:attachment":[{"href":"https:\/\/innocentiemangonipiante.it\/de\/wp-json\/wp\/v2\/media?parent=15047"}],"wp:term":[{"taxonomy":"product_brand","embeddable":true,"href":"https:\/\/innocentiemangonipiante.it\/de\/wp-json\/wp\/v2\/product_brand?post=15047"},{"taxonomy":"product_cat","embeddable":true,"href":"https:\/\/innocentiemangonipiante.it\/de\/wp-json\/wp\/v2\/product_cat?post=15047"},{"taxonomy":"product_tag","embeddable":true,"href":"https:\/\/innocentiemangonipiante.it\/de\/wp-json\/wp\/v2\/product_tag?post=15047"}],"curies":[{"name":"wp","href":"https:\/\/api.w.org\/{rel}","templated":true}]}}