{"id":15049,"date":"2023-11-04T00:58:31","date_gmt":"2023-11-03T23:58:31","guid":{"rendered":"http:\/\/innocentiemangonipiante.it\/fothergilla-major\/"},"modified":"2023-11-06T18:22:37","modified_gmt":"2023-11-06T17:22:37","slug":"fothergilla-major","status":"publish","type":"product","link":"https:\/\/innocentiemangonipiante.it\/de\/fothergilla-major\/","title":{"rendered":"FOTHERGILLA major"},"content":{"rendered":"<p>Sommergr\u00fcner aufrechter Strauch mit eif\u00f6rmigen bis rundlichen, wechselst\u00e4ndigen, dunkelgr\u00fcnen Bl\u00e4ttern, die bis 10 cm lang werden und gez\u00e4hnte R\u00e4nder haben. Sch\u00f6ne Herbstf\u00e4rbung, die ins gelb-orangefarbige geht. Anfang Sommer sprie\u00dfen vor dem Blattwuchs wei\u00dfe, bis zu 5 cm lange Bl\u00fcten\u00e4hren.<\/p>\n","protected":false},"excerpt":{"rendered":"<p>Sommergr\u00fcner aufrechter Strauch mit eif\u00f6rmigen bis rundlichen, wechselst\u00e4ndigen, dunkelgr\u00fcnen Bl\u00e4ttern, die bis 10 cm lang werden und gez\u00e4hnte R\u00e4nder haben. Sch\u00f6ne Herbstf\u00e4rbung, die ins gelb-orangefarbige geht. Anfang Sommer sprie\u00dfen vor dem Blattwuchs wei\u00dfe, bis zu 5 cm lange Bl\u00fcten\u00e4hren.<\/p>\n","protected":false},"featured_media":2691,"template":"","meta":{"_acf_changed":false},"product_brand":[],"product_cat":[8813],"product_tag":[10898],"class_list":{"0":"post-15049","1":"product","2":"type-product","3":"status-publish","4":"has-post-thumbnail","6":"product_cat-laubbaume-und-straucher","7":"product_tag-naturlichen","8":"pa_altezza-massima-200-de","9":"pa_altezza-massima-300-de","10":"pa_colore-fioritura-weis","11":"pa_condizionamento-clt-de","12":"pa_famiglia-hamamelidaceae-de","13":"pa_genere-fothergilla-de","14":"pa_origine-u-s-a","15":"pa_periodo-fioritura-juni","16":"pa_portamento-eretto-de","17":"pa_profumo-zart","18":"pa_resistenza-climatica-sehr-hoch","19":"pa_utilizzo-kleine-gaerten","20":"pa_utilizzo-parks-de","22":"first","23":"instock","24":"purchasable","25":"product-type-simple"},"acf":[],"_links":{"self":[{"href":"https:\/\/innocentiemangonipiante.it\/de\/wp-json\/wp\/v2\/product\/15049","targetHints":{"allow":["GET"]}}],"collection":[{"href":"https:\/\/innocentiemangonipiante.it\/de\/wp-json\/wp\/v2\/product"}],"about":[{"href":"https:\/\/innocentiemangonipiante.it\/de\/wp-json\/wp\/v2\/types\/product"}],"wp:featuredmedia":[{"embeddable":true,"href":"https:\/\/innocentiemangonipiante.it\/de\/wp-json\/wp\/v2\/media\/2691"}],"wp:attachment":[{"href":"https:\/\/innocentiemangonipiante.it\/de\/wp-json\/wp\/v2\/media?parent=15049"}],"wp:term":[{"taxonomy":"product_brand","embeddable":true,"href":"https:\/\/innocentiemangonipiante.it\/de\/wp-json\/wp\/v2\/product_brand?post=15049"},{"taxonomy":"product_cat","embeddable":true,"href":"https:\/\/innocentiemangonipiante.it\/de\/wp-json\/wp\/v2\/product_cat?post=15049"},{"taxonomy":"product_tag","embeddable":true,"href":"https:\/\/innocentiemangonipiante.it\/de\/wp-json\/wp\/v2\/product_tag?post=15049"}],"curies":[{"name":"wp","href":"https:\/\/api.w.org\/{rel}","templated":true}]}}