{"id":15050,"date":"2023-11-04T01:00:08","date_gmt":"2023-11-04T00:00:08","guid":{"rendered":"http:\/\/innocentiemangonipiante.it\/fraxinus-pennsylvanica-cimmaron\/"},"modified":"2023-11-06T18:23:43","modified_gmt":"2023-11-06T17:23:43","slug":"fraxinus-pennsylvanica-cimmaron","status":"publish","type":"product","link":"https:\/\/innocentiemangonipiante.it\/de\/fraxinus-pennsylvanica-cimmaron\/","title":{"rendered":"FRAXINUS pennsylvanica &#8218;Cimmaron&#8216; \u00ae"},"content":{"rendered":"<p>Gl\u00e4nzend dunkelgr\u00fcne Bl\u00e4tter, rustikal Rot, dann orange-rot im Herbst produziert keine Fr\u00fcchte.<\/p>\n","protected":false},"excerpt":{"rendered":"<p>Gl\u00e4nzend dunkelgr\u00fcne Bl\u00e4tter, rustikal Rot, dann orange-rot im Herbst produziert keine Fr\u00fcchte.<\/p>\n","protected":false},"featured_media":2758,"template":"","meta":{"_acf_changed":false},"product_brand":[],"product_cat":[8813],"product_tag":[10898,8401,8597],"class_list":{"0":"post-15050","1":"product","2":"type-product","3":"status-publish","4":"has-post-thumbnail","6":"product_cat-laubbaume-und-straucher","7":"product_tag-naturlichen","8":"product_tag-hochstamm","9":"product_tag-multistamm","10":"pa_altezza-massima-1000-de-2","11":"pa_altezza-massima-15-meter","12":"pa_condizionamento-clt-de","13":"pa_condizionamento-m-de","14":"pa_famiglia-oleaceae-de","15":"pa_genere-fraxinus-de","16":"pa_origine-u-s-a","17":"pa_portamento-arrotondato-de","18":"pa_resistenza-climatica-sehr-hoch","19":"pa_utilizzo-alleen","21":"first","22":"instock","23":"purchasable","24":"product-type-simple"},"acf":[],"_links":{"self":[{"href":"https:\/\/innocentiemangonipiante.it\/de\/wp-json\/wp\/v2\/product\/15050","targetHints":{"allow":["GET"]}}],"collection":[{"href":"https:\/\/innocentiemangonipiante.it\/de\/wp-json\/wp\/v2\/product"}],"about":[{"href":"https:\/\/innocentiemangonipiante.it\/de\/wp-json\/wp\/v2\/types\/product"}],"wp:featuredmedia":[{"embeddable":true,"href":"https:\/\/innocentiemangonipiante.it\/de\/wp-json\/wp\/v2\/media\/2758"}],"wp:attachment":[{"href":"https:\/\/innocentiemangonipiante.it\/de\/wp-json\/wp\/v2\/media?parent=15050"}],"wp:term":[{"taxonomy":"product_brand","embeddable":true,"href":"https:\/\/innocentiemangonipiante.it\/de\/wp-json\/wp\/v2\/product_brand?post=15050"},{"taxonomy":"product_cat","embeddable":true,"href":"https:\/\/innocentiemangonipiante.it\/de\/wp-json\/wp\/v2\/product_cat?post=15050"},{"taxonomy":"product_tag","embeddable":true,"href":"https:\/\/innocentiemangonipiante.it\/de\/wp-json\/wp\/v2\/product_tag?post=15050"}],"curies":[{"name":"wp","href":"https:\/\/api.w.org\/{rel}","templated":true}]}}