{"id":15052,"date":"2023-11-04T01:00:00","date_gmt":"2023-11-04T00:00:00","guid":{"rendered":"http:\/\/innocentiemangonipiante.it\/fraxinus-oxycarpa-raywood\/"},"modified":"2023-11-06T18:23:40","modified_gmt":"2023-11-06T17:23:40","slug":"fraxinus-oxycarpa-raywood","status":"publish","type":"product","link":"https:\/\/innocentiemangonipiante.it\/de\/fraxinus-oxycarpa-raywood\/","title":{"rendered":"FRAXINUS oxycarpa &#8218;Raywood&#8216;"},"content":{"rendered":"<p>Sehr kr\u00e4ftige Sorte. Die Bl\u00e4tter sind gl\u00e4nzend dunkelgr\u00fcn und werden violettpurpur im Herbst.<\/p>\n","protected":false},"excerpt":{"rendered":"<p>Sehr kr\u00e4ftige Sorte. Die Bl\u00e4tter sind gl\u00e4nzend dunkelgr\u00fcn und werden violettpurpur im Herbst.<\/p>\n","protected":false},"featured_media":2752,"template":"","meta":{"_acf_changed":false},"product_brand":[],"product_cat":[8813,9231],"product_tag":[10898,8401,8597],"class_list":{"0":"post-15052","1":"product","2":"type-product","3":"status-publish","4":"has-post-thumbnail","6":"product_cat-laubbaume-und-straucher","7":"product_cat-baume-und-pflanzen-der-zukunft","8":"product_tag-naturlichen","9":"product_tag-hochstamm","10":"product_tag-multistamm","11":"pa_altezza-massima-15-meter","12":"pa_altezza-massima-20-meter","13":"pa_colore-fioritura-weis","14":"pa_condizionamento-clt-de","15":"pa_condizionamento-m-de","16":"pa_famiglia-oleaceae-de","17":"pa_genere-fraxinus-de","18":"pa_origine-sudeuropa-de","19":"pa_periodo-fioritura-juni","20":"pa_periodo-fioritura-mai-de","21":"pa_portamento-arrotondato-de","22":"pa_resistenza-climatica-sehr-hoch","23":"pa_resistenza-del-suolo-bestandig-gegen-kalkhaltige-boden","24":"pa_resistenza-del-suolo-bestandig-gegen-trockene-boden","25":"pa_resistenza-del-suolo-bestandigkeit-auf-feuchten-boden","26":"pa_utilizzo-parks-de","28":"first","29":"instock","30":"purchasable","31":"product-type-simple"},"acf":[],"_links":{"self":[{"href":"https:\/\/innocentiemangonipiante.it\/de\/wp-json\/wp\/v2\/product\/15052","targetHints":{"allow":["GET"]}}],"collection":[{"href":"https:\/\/innocentiemangonipiante.it\/de\/wp-json\/wp\/v2\/product"}],"about":[{"href":"https:\/\/innocentiemangonipiante.it\/de\/wp-json\/wp\/v2\/types\/product"}],"wp:featuredmedia":[{"embeddable":true,"href":"https:\/\/innocentiemangonipiante.it\/de\/wp-json\/wp\/v2\/media\/2752"}],"wp:attachment":[{"href":"https:\/\/innocentiemangonipiante.it\/de\/wp-json\/wp\/v2\/media?parent=15052"}],"wp:term":[{"taxonomy":"product_brand","embeddable":true,"href":"https:\/\/innocentiemangonipiante.it\/de\/wp-json\/wp\/v2\/product_brand?post=15052"},{"taxonomy":"product_cat","embeddable":true,"href":"https:\/\/innocentiemangonipiante.it\/de\/wp-json\/wp\/v2\/product_cat?post=15052"},{"taxonomy":"product_tag","embeddable":true,"href":"https:\/\/innocentiemangonipiante.it\/de\/wp-json\/wp\/v2\/product_tag?post=15052"}],"curies":[{"name":"wp","href":"https:\/\/api.w.org\/{rel}","templated":true}]}}