{"id":15053,"date":"2023-11-04T00:59:54","date_gmt":"2023-11-03T23:59:54","guid":{"rendered":"http:\/\/innocentiemangonipiante.it\/fraxinus-ornus-obelisk\/"},"modified":"2023-11-06T18:23:37","modified_gmt":"2023-11-06T17:23:37","slug":"fraxinus-ornus-obelisk","status":"publish","type":"product","link":"https:\/\/innocentiemangonipiante.it\/de\/fraxinus-ornus-obelisk\/","title":{"rendered":"FRAXINUS ornus &#8218;Obelisk&#8216; \u00ae"},"content":{"rendered":"<p>Sch\u00f6ne Cultivar mit aufrechtem Wuchs. Ideal f\u00fcr Alleebepflanzungen im Stadtbereich und in kleinen G\u00e4rten.<\/p>\n","protected":false},"excerpt":{"rendered":"<p>Sch\u00f6ne Cultivar mit aufrechtem Wuchs. Ideal f\u00fcr Alleebepflanzungen im Stadtbereich und in kleinen G\u00e4rten.<\/p>\n","protected":false},"featured_media":2746,"template":"","meta":{"_acf_changed":false},"product_brand":[],"product_cat":[8813],"product_tag":[10898,8401],"class_list":{"0":"post-15053","1":"product","2":"type-product","3":"status-publish","4":"has-post-thumbnail","6":"product_cat-laubbaume-und-straucher","7":"product_tag-naturlichen","8":"product_tag-hochstamm","9":"pa_altezza-massima-1000-de-2","10":"pa_altezza-massima-15-meter","11":"pa_colore-fioritura-weis","12":"pa_condizionamento-m-de","13":"pa_famiglia-oleaceae-de","14":"pa_genere-fraxinus-de","15":"pa_origine-holland-de","16":"pa_periodo-fioritura-juni","17":"pa_periodo-fioritura-mai-de","18":"pa_portamento-saulenformig","19":"pa_resistenza-climatica-sehr-hoch","20":"pa_resistenza-del-suolo-bestandig-gegen-kalkhaltige-boden","21":"pa_resistenza-del-suolo-bestandig-gegen-trockene-boden","22":"pa_utilizzo-alleen","23":"pa_utilizzo-kleine-gaerten","25":"first","26":"instock","27":"purchasable","28":"product-type-simple"},"acf":[],"_links":{"self":[{"href":"https:\/\/innocentiemangonipiante.it\/de\/wp-json\/wp\/v2\/product\/15053","targetHints":{"allow":["GET"]}}],"collection":[{"href":"https:\/\/innocentiemangonipiante.it\/de\/wp-json\/wp\/v2\/product"}],"about":[{"href":"https:\/\/innocentiemangonipiante.it\/de\/wp-json\/wp\/v2\/types\/product"}],"wp:featuredmedia":[{"embeddable":true,"href":"https:\/\/innocentiemangonipiante.it\/de\/wp-json\/wp\/v2\/media\/2746"}],"wp:attachment":[{"href":"https:\/\/innocentiemangonipiante.it\/de\/wp-json\/wp\/v2\/media?parent=15053"}],"wp:term":[{"taxonomy":"product_brand","embeddable":true,"href":"https:\/\/innocentiemangonipiante.it\/de\/wp-json\/wp\/v2\/product_brand?post=15053"},{"taxonomy":"product_cat","embeddable":true,"href":"https:\/\/innocentiemangonipiante.it\/de\/wp-json\/wp\/v2\/product_cat?post=15053"},{"taxonomy":"product_tag","embeddable":true,"href":"https:\/\/innocentiemangonipiante.it\/de\/wp-json\/wp\/v2\/product_tag?post=15053"}],"curies":[{"name":"wp","href":"https:\/\/api.w.org\/{rel}","templated":true}]}}