{"id":15055,"date":"2023-11-04T00:59:36","date_gmt":"2023-11-03T23:59:36","guid":{"rendered":"http:\/\/innocentiemangonipiante.it\/fraxinus-ornus-louisa-lady\/"},"modified":"2023-11-06T18:23:06","modified_gmt":"2023-11-06T17:23:06","slug":"fraxinus-ornus-louisa-lady","status":"publish","type":"product","link":"https:\/\/innocentiemangonipiante.it\/de\/fraxinus-ornus-louisa-lady\/","title":{"rendered":"FRAXINUS ornus &#8218;Louisa Lady&#8216;"},"content":{"rendered":"<p>Laubbaum mit einer breiten, oval geformten Krone und gl\u00e4nzend gr\u00fcnem Laub, das im Herbst goldgelb wird. In der Mitte des Fr\u00fchjahrs, nach dem Sprie\u00dfen der Bl\u00e4tter, erscheinen wunder- sch\u00f6ne cremewei\u00dfe Bl\u00fcten, die in dichten Rispen zusammengefasst sind.<\/p>\n","protected":false},"excerpt":{"rendered":"<p>Laubbaum mit einer breiten, oval geformten Krone und gl\u00e4nzend gr\u00fcnem Laub, das im Herbst goldgelb wird. In der Mitte des Fr\u00fchjahrs, nach dem Sprie\u00dfen der Bl\u00e4tter, erscheinen wunder- sch\u00f6ne cremewei\u00dfe Bl\u00fcten, die in dichten Rispen zusammengefasst sind.<\/p>\n","protected":false},"featured_media":44622,"template":"","meta":{"_acf_changed":false},"product_brand":[],"product_cat":[8813],"product_tag":[10898,8401],"class_list":{"0":"post-15055","1":"product","2":"type-product","3":"status-publish","4":"has-post-thumbnail","6":"product_cat-laubbaume-und-straucher","7":"product_tag-naturlichen","8":"product_tag-hochstamm","9":"pa_altezza-massima-1000-de-2","10":"pa_altezza-massima-15-meter","11":"pa_colore-fioritura-weis","12":"pa_condizionamento-m-de","13":"pa_famiglia-oleaceae-de","14":"pa_genere-fraxinus-de","15":"pa_inquinamento-bestaendigkeit-gegen-smog","16":"pa_origine-holland-de","17":"pa_periodo-fioritura-april-de","18":"pa_portamento-arrotondato-de","19":"pa_profumo-zart","20":"pa_resistenza-climatica-sehr-hoch","21":"pa_resistenza-del-suolo-bestandig-gegen-kalkhaltige-boden","22":"pa_utilizzo-kleine-gaerten","23":"pa_utilizzo-parks-de","25":"first","26":"instock","27":"purchasable","28":"product-type-simple"},"acf":[],"_links":{"self":[{"href":"https:\/\/innocentiemangonipiante.it\/de\/wp-json\/wp\/v2\/product\/15055","targetHints":{"allow":["GET"]}}],"collection":[{"href":"https:\/\/innocentiemangonipiante.it\/de\/wp-json\/wp\/v2\/product"}],"about":[{"href":"https:\/\/innocentiemangonipiante.it\/de\/wp-json\/wp\/v2\/types\/product"}],"wp:featuredmedia":[{"embeddable":true,"href":"https:\/\/innocentiemangonipiante.it\/de\/wp-json\/wp\/v2\/media\/44622"}],"wp:attachment":[{"href":"https:\/\/innocentiemangonipiante.it\/de\/wp-json\/wp\/v2\/media?parent=15055"}],"wp:term":[{"taxonomy":"product_brand","embeddable":true,"href":"https:\/\/innocentiemangonipiante.it\/de\/wp-json\/wp\/v2\/product_brand?post=15055"},{"taxonomy":"product_cat","embeddable":true,"href":"https:\/\/innocentiemangonipiante.it\/de\/wp-json\/wp\/v2\/product_cat?post=15055"},{"taxonomy":"product_tag","embeddable":true,"href":"https:\/\/innocentiemangonipiante.it\/de\/wp-json\/wp\/v2\/product_tag?post=15055"}],"curies":[{"name":"wp","href":"https:\/\/api.w.org\/{rel}","templated":true}]}}