{"id":15056,"date":"2023-11-04T00:59:27","date_gmt":"2023-11-03T23:59:27","guid":{"rendered":"http:\/\/innocentiemangonipiante.it\/fraxinus-ornus\/"},"modified":"2023-11-06T18:23:02","modified_gmt":"2023-11-06T17:23:02","slug":"fraxinus-ornus","status":"publish","type":"product","link":"https:\/\/innocentiemangonipiante.it\/de\/fraxinus-ornus\/","title":{"rendered":"FRAXINUS ornus"},"content":{"rendered":"<p>Kleiner sommergr\u00fcner Baum mit rundlicher Krone. Die dunkelgr\u00fcnen Fiederbl\u00e4tter werden bis zu 20 cm lang und bestehen aus 6-10 ovalen kleinen Bl\u00e4ttern, die sich im Herbst purpurrot f\u00e4rben. Im sp\u00e4ten Fr\u00fchjahr tr\u00e4gt er gro\u00dfe, duftende, wei\u00df cremefarbene Bl\u00fctenrispen.<\/p>\n","protected":false},"excerpt":{"rendered":"<p>Kleiner sommergr\u00fcner Baum mit rundlicher Krone. Die dunkelgr\u00fcnen Fiederbl\u00e4tter werden bis zu 20 cm lang und bestehen aus 6-10 ovalen kleinen Bl\u00e4ttern, die sich im Herbst purpurrot f\u00e4rben. Im sp\u00e4ten Fr\u00fchjahr tr\u00e4gt er gro\u00dfe, duftende, wei\u00df cremefarbene Bl\u00fctenrispen.<\/p>\n","protected":false},"featured_media":2733,"template":"","meta":{"_acf_changed":false},"product_brand":[],"product_cat":[8813,9231],"product_tag":[10898,8401,8597],"class_list":{"0":"post-15056","1":"product","2":"type-product","3":"status-publish","4":"has-post-thumbnail","6":"product_cat-laubbaume-und-straucher","7":"product_cat-baume-und-pflanzen-der-zukunft","8":"product_tag-naturlichen","9":"product_tag-hochstamm","10":"product_tag-multistamm","11":"pa_altezza-massima-1000-de-2","12":"pa_altezza-massima-15-meter","13":"pa_colore-fioritura-weis","14":"pa_condizionamento-clt-de","15":"pa_condizionamento-m-de","16":"pa_famiglia-oleaceae-de","17":"pa_genere-fraxinus-de","18":"pa_origine-mitteleuropa","19":"pa_periodo-fioritura-april-de","20":"pa_periodo-fioritura-mai-de","21":"pa_portamento-arrotondato-de","22":"pa_profumo-zart","23":"pa_resistenza-climatica-sehr-hoch","24":"pa_resistenza-del-suolo-bestandig-gegen-kalkhaltige-boden","25":"pa_resistenza-del-suolo-bestandig-gegen-trockene-boden","26":"pa_utilizzo-parks-de","28":"first","29":"instock","30":"purchasable","31":"product-type-simple"},"acf":[],"_links":{"self":[{"href":"https:\/\/innocentiemangonipiante.it\/de\/wp-json\/wp\/v2\/product\/15056","targetHints":{"allow":["GET"]}}],"collection":[{"href":"https:\/\/innocentiemangonipiante.it\/de\/wp-json\/wp\/v2\/product"}],"about":[{"href":"https:\/\/innocentiemangonipiante.it\/de\/wp-json\/wp\/v2\/types\/product"}],"wp:featuredmedia":[{"embeddable":true,"href":"https:\/\/innocentiemangonipiante.it\/de\/wp-json\/wp\/v2\/media\/2733"}],"wp:attachment":[{"href":"https:\/\/innocentiemangonipiante.it\/de\/wp-json\/wp\/v2\/media?parent=15056"}],"wp:term":[{"taxonomy":"product_brand","embeddable":true,"href":"https:\/\/innocentiemangonipiante.it\/de\/wp-json\/wp\/v2\/product_brand?post=15056"},{"taxonomy":"product_cat","embeddable":true,"href":"https:\/\/innocentiemangonipiante.it\/de\/wp-json\/wp\/v2\/product_cat?post=15056"},{"taxonomy":"product_tag","embeddable":true,"href":"https:\/\/innocentiemangonipiante.it\/de\/wp-json\/wp\/v2\/product_tag?post=15056"}],"curies":[{"name":"wp","href":"https:\/\/api.w.org\/{rel}","templated":true}]}}