{"id":15057,"date":"2023-11-04T00:59:20","date_gmt":"2023-11-03T23:59:20","guid":{"rendered":"http:\/\/innocentiemangonipiante.it\/fraxinus-excelsior-westhofs-gloire\/"},"modified":"2023-11-06T18:22:59","modified_gmt":"2023-11-06T17:22:59","slug":"fraxinus-excelsior-westhofs-gloire","status":"publish","type":"product","link":"https:\/\/innocentiemangonipiante.it\/de\/fraxinus-excelsior-westhofs-gloire\/","title":{"rendered":"FRAXINUS excelsior &#8218;Westhof&#8217;s Gloire&#8216;"},"content":{"rendered":"<p>Gro\u00dfer, rundlicher sommergr\u00fcner Baum, der regelm\u00e4\u00dfiger als die Grundsorte w\u00e4chst. Die Seitenzweige sind aufrecht und weiten sich im Laufeder Jahre aus. Die unpaarigen Fiederbl\u00e4tter bestehen aus 9-13 eif\u00f6rmigen, gez\u00e4hnten dunkelgr\u00fcnen und gl\u00e4nzenden Bl\u00e4ttchen.<\/p>\n","protected":false},"excerpt":{"rendered":"<p>Gro\u00dfer, rundlicher sommergr\u00fcner Baum, der regelm\u00e4\u00dfiger als die Grundsorte w\u00e4chst. Die Seitenzweige sind aufrecht und weiten sich im Laufeder Jahre aus. Die unpaarigen Fiederbl\u00e4tter bestehen aus 9-13 eif\u00f6rmigen, gez\u00e4hnten dunkelgr\u00fcnen und gl\u00e4nzenden Bl\u00e4ttchen.<\/p>\n","protected":false},"featured_media":2727,"template":"","meta":{"_acf_changed":false},"product_brand":[],"product_cat":[8813],"product_tag":[10898,8401,8597],"class_list":{"0":"post-15057","1":"product","2":"type-product","3":"status-publish","4":"has-post-thumbnail","6":"product_cat-laubbaume-und-straucher","7":"product_tag-naturlichen","8":"product_tag-hochstamm","9":"product_tag-multistamm","10":"pa_altezza-massima-20-meter","11":"pa_altezza-massima-25-meter","12":"pa_condizionamento-clt-de","13":"pa_condizionamento-m-de","14":"pa_famiglia-oleaceae-de","15":"pa_genere-fraxinus-de","16":"pa_inquinamento-bestaendigkeit-gegen-smog","17":"pa_origine-holland-de","18":"pa_portamento-piramidale-de","19":"pa_resistenza-climatica-sehr-hoch","20":"pa_resistenza-del-suolo-bestandig-gegen-kalkhaltige-boden","21":"pa_resistenza-del-suolo-bestandigkeit-auf-feuchten-boden","22":"pa_salinita-bestaendigkeit-in-meeresluft","23":"pa_utilizzo-alleen","24":"pa_utilizzo-parks-de","26":"first","27":"instock","28":"purchasable","29":"product-type-simple"},"acf":[],"_links":{"self":[{"href":"https:\/\/innocentiemangonipiante.it\/de\/wp-json\/wp\/v2\/product\/15057","targetHints":{"allow":["GET"]}}],"collection":[{"href":"https:\/\/innocentiemangonipiante.it\/de\/wp-json\/wp\/v2\/product"}],"about":[{"href":"https:\/\/innocentiemangonipiante.it\/de\/wp-json\/wp\/v2\/types\/product"}],"wp:featuredmedia":[{"embeddable":true,"href":"https:\/\/innocentiemangonipiante.it\/de\/wp-json\/wp\/v2\/media\/2727"}],"wp:attachment":[{"href":"https:\/\/innocentiemangonipiante.it\/de\/wp-json\/wp\/v2\/media?parent=15057"}],"wp:term":[{"taxonomy":"product_brand","embeddable":true,"href":"https:\/\/innocentiemangonipiante.it\/de\/wp-json\/wp\/v2\/product_brand?post=15057"},{"taxonomy":"product_cat","embeddable":true,"href":"https:\/\/innocentiemangonipiante.it\/de\/wp-json\/wp\/v2\/product_cat?post=15057"},{"taxonomy":"product_tag","embeddable":true,"href":"https:\/\/innocentiemangonipiante.it\/de\/wp-json\/wp\/v2\/product_tag?post=15057"}],"curies":[{"name":"wp","href":"https:\/\/api.w.org\/{rel}","templated":true}]}}